{"id":7156,"date":"2024-10-11T13:27:57","date_gmt":"2024-10-11T13:27:57","guid":{"rendered":"https:\/\/qwankido-official.com\/?page_id=7156"},"modified":"2024-11-22T10:21:09","modified_gmt":"2024-11-22T10:21:09","slug":"la-federation","status":"publish","type":"page","link":"https:\/\/qwankido-official.com\/en\/iqkdf\/la-federation\/","title":{"rendered":"The federation"},"content":{"rendered":"<div data-elementor-type=\"wp-page\" data-elementor-id=\"7156\" class=\"elementor elementor-7156\" data-elementor-post-type=\"page\">\n\t\t\t\t<div class=\"elementor-element elementor-element-f1043a9 e-flex e-con-boxed e-con e-parent\" data-id=\"f1043a9\" data-element_type=\"container\" data-e-type=\"container\" data-settings=\"{&quot;background_background&quot;:&quot;classic&quot;}\">\n\t\t\t\t\t<div class=\"e-con-inner\">\n\t\t\t\t<div class=\"elementor-element elementor-element-51ffa4c elementor-widget elementor-widget-heading\" data-id=\"51ffa4c\" data-element_type=\"widget\" data-e-type=\"widget\" data-widget_type=\"heading.default\">\n\t\t\t\t<div class=\"elementor-widget-container\">\n\t\t\t\t\t<h2 class=\"elementor-heading-title elementor-size-default\">The origins<\/h2>\t\t\t\t<\/div>\n\t\t\t\t<\/div>\n\t\t\t\t<div class=\"elementor-element elementor-element-715f83c elementor-widget-divider--view-line elementor-widget elementor-widget-divider\" data-id=\"715f83c\" data-element_type=\"widget\" data-e-type=\"widget\" data-widget_type=\"divider.default\">\n\t\t\t\t<div class=\"elementor-widget-container\">\n\t\t\t\t\t\t\t<div class=\"elementor-divider\">\n\t\t\t<span class=\"elementor-divider-separator\">\n\t\t\t\t\t\t<\/span>\n\t\t<\/div>\n\t\t\t\t\t\t<\/div>\n\t\t\t\t<\/div>\n\t\t\t\t<div class=\"elementor-element elementor-element-a184bd0 elementor-widget elementor-widget-text-editor\" data-id=\"a184bd0\" data-element_type=\"widget\" data-e-type=\"widget\" data-widget_type=\"text-editor.default\">\n\t\t\t\t<div class=\"elementor-widget-container\">\n\t\t\t\t\t\t\t\t\t<p class=\"p1 translation-block\">Qwan Ki Do, a modern martial art based on ancient traditions, requires an appropriate structure for its teaching and dissemination. In 1981, its founder, Th\u00e0y Chuong M\u00f4n Ph\u1ea1m Xu\u00e2n Tong, set up an international organization to develop the discipline. Following the worldwide growth of Qwan Ki Do and the success of its competitions, an international federation was founded in 2012 in Toulon (France): the International Qwan Ki Do Federation And Associated Disciplines, with its headquarters in Canada. This federation manages and coordinates the competitive activities and development of Qwan Ki Do while respecting its technical and ethical traditions, under the supervision of the Founder Master. It reflects the fundamental duality of \u0110\u1ea1o, a principle of Taoist philosophy.<\/p><p>Qwan Ki Do is based on a balance between strength and suppleness, speed and power, tradition and modernity, action and wisdom. These concepts are reflected as much in its technical dimension as in its administrative organization, whether on a small or large scale.<\/p><p class=\"p1 translation-block\">Its aim is also to develop and perpetuate Qwan Ki Do in terms of grade evaluation, technical programming, ethics and training. It is the only International Federation recognized by the Master Founder of QWAN KI DO, Th\u00e0y Ch\u01b0\u1edfng M\u00f4n PHAM Xu\u00e2n Tong.<\/p>\t\t\t\t\t\t\t\t<\/div>\n\t\t\t\t<\/div>\n\t\t\t\t\t<\/div>\n\t\t\t\t<\/div>\n\t\t<div class=\"elementor-element elementor-element-c29df77 e-flex e-con-boxed e-con e-parent\" data-id=\"c29df77\" data-element_type=\"container\" data-e-type=\"container\" data-settings=\"{&quot;background_background&quot;:&quot;classic&quot;}\">\n\t\t\t\t\t<div class=\"e-con-inner\">\n\t\t<div class=\"elementor-element elementor-element-95d7450 e-con-full e-flex e-con e-child\" data-id=\"95d7450\" data-element_type=\"container\" data-e-type=\"container\">\n\t\t<div class=\"elementor-element elementor-element-b4d8f9c e-con-full e-flex e-con e-child\" data-id=\"b4d8f9c\" data-element_type=\"container\" data-e-type=\"container\" data-settings=\"{&quot;animation&quot;:&quot;none&quot;}\">\n\t\t\t\t<div class=\"elementor-element elementor-element-6430d48 elementor-widget elementor-widget-image\" data-id=\"6430d48\" data-element_type=\"widget\" data-e-type=\"widget\" data-widget_type=\"image.default\">\n\t\t\t\t<div class=\"elementor-widget-container\">\n\t\t\t\t\t\t\t\t\t\t\t\t\t\t\t<img fetchpriority=\"high\" decoding=\"async\" width=\"559\" height=\"787\" src=\"https:\/\/qwankido-official.com\/wp-content\/uploads\/2024\/11\/IMG_17942.jpg\" class=\"attachment-medium_large size-medium_large wp-image-8014\" alt=\"\" srcset=\"https:\/\/qwankido-official.com\/wp-content\/uploads\/2024\/11\/IMG_17942.jpg 559w, https:\/\/qwankido-official.com\/wp-content\/uploads\/2024\/11\/IMG_17942-213x300.jpg 213w, https:\/\/qwankido-official.com\/wp-content\/uploads\/2024\/11\/IMG_17942-400x563.jpg 400w\" sizes=\"(max-width: 559px) 100vw, 559px\" \/>\t\t\t\t\t\t\t\t\t\t\t\t\t\t\t<\/div>\n\t\t\t\t<\/div>\n\t\t\t\t<\/div>\n\t\t<div class=\"elementor-element elementor-element-6b48cf7 e-con-full e-flex e-con e-child\" data-id=\"6b48cf7\" data-element_type=\"container\" data-e-type=\"container\" data-settings=\"{&quot;animation&quot;:&quot;none&quot;}\">\n\t\t\t\t<div class=\"elementor-element elementor-element-c91088f elementor-widget elementor-widget-spacer\" data-id=\"c91088f\" data-element_type=\"widget\" data-e-type=\"widget\" data-widget_type=\"spacer.default\">\n\t\t\t\t<div class=\"elementor-widget-container\">\n\t\t\t\t\t\t\t<div class=\"elementor-spacer\">\n\t\t\t<div class=\"elementor-spacer-inner\"><\/div>\n\t\t<\/div>\n\t\t\t\t\t\t<\/div>\n\t\t\t\t<\/div>\n\t\t\t\t<div class=\"elementor-element elementor-element-f16321f elementor-widget__width-inherit elementor-widget elementor-widget-heading\" data-id=\"f16321f\" data-element_type=\"widget\" data-e-type=\"widget\" data-widget_type=\"heading.default\">\n\t\t\t\t<div class=\"elementor-widget-container\">\n\t\t\t\t\t<h4 class=\"elementor-heading-title elementor-size-default translation-block\">Objectives worldwide<\/h4>\t\t\t\t<\/div>\n\t\t\t\t<\/div>\n\t\t\t\t<div class=\"elementor-element elementor-element-f32918d elementor-widget-divider--view-line elementor-widget elementor-widget-divider\" data-id=\"f32918d\" data-element_type=\"widget\" data-e-type=\"widget\" data-widget_type=\"divider.default\">\n\t\t\t\t<div class=\"elementor-widget-container\">\n\t\t\t\t\t\t\t<div class=\"elementor-divider\">\n\t\t\t<span class=\"elementor-divider-separator\">\n\t\t\t\t\t\t<\/span>\n\t\t<\/div>\n\t\t\t\t\t\t<\/div>\n\t\t\t\t<\/div>\n\t\t\t\t<div class=\"elementor-element elementor-element-0d0fdc3 elementor-widget elementor-widget-text-editor\" data-id=\"0d0fdc3\" data-element_type=\"widget\" data-e-type=\"widget\" data-widget_type=\"text-editor.default\">\n\t\t\t\t<div class=\"elementor-widget-container\">\n\t\t\t\t\t\t\t\t\t<p class=\"translation-block\">Thanks to a solid technical and administrative structure, as well as the charisma of its founder, Master Ph\u1ea1m Xu\u00e2n Tong, The International Qwan Ki Do Federation pursues three main objectives:<\/p>\t\t\t\t\t\t\t\t<\/div>\n\t\t\t\t<\/div>\n\t\t\t\t<div class=\"elementor-element elementor-element-1dc852a elementor-widget elementor-widget-text-editor\" data-id=\"1dc852a\" data-element_type=\"widget\" data-e-type=\"widget\" data-widget_type=\"text-editor.default\">\n\t\t\t\t<div class=\"elementor-widget-container\">\n\t\t\t\t\t\t\t\t\t<div class=\"flex-shrink-0 flex flex-col relative items-end\"><div class=\"pt-0\"><div class=\"gizmo-bot-avatar flex h-8 w-8 items-center justify-center overflow-hidden rounded-full\"><ul><li class=\"translation-block\">Promotion of Qwan Ki Do: The International Qwan Ki Do Federation, supported by a solid structure and the leadership of Th\u00e0y Chuong M\u00f4n Pham Xu\u00e2n Tong, is actively working to promote this martial art worldwide.<\/li><\/ul><div><ul><li class=\"translation-block\">Recognition: Qwan Ki Do has won international recognition from prestigious institutions such as UNESCO, the Vietnam Olympic Committee and other organizations.<\/li><li class=\"translation-block\">\u00ab\u00a0Sport for all\u00a0\u00bb objective: The organization aims to make Qwan Ki Do accessible to all through competitions, training, seminars and regular examinations, thus promoting physical practice for all.<\/li><\/ul><\/div><\/div><\/div><\/div>\t\t\t\t\t\t\t\t<\/div>\n\t\t\t\t<\/div>\n\t\t\t\t<\/div>\n\t\t\t\t<\/div>\n\t\t\t\t\t<\/div>\n\t\t\t\t<\/div>\n\t\t<div class=\"elementor-element elementor-element-059caa8 e-flex e-con-boxed e-con e-parent\" data-id=\"059caa8\" data-element_type=\"container\" data-e-type=\"container\" data-settings=\"{&quot;background_background&quot;:&quot;classic&quot;}\">\n\t\t\t\t\t<div class=\"e-con-inner\">\n\t\t<div class=\"elementor-element elementor-element-49129af e-con-full e-flex elementor-invisible e-con e-child\" data-id=\"49129af\" data-element_type=\"container\" data-e-type=\"container\" data-settings=\"{&quot;animation&quot;:&quot;fadeInLeft&quot;,&quot;animation_mobile&quot;:&quot;none&quot;}\">\n\t\t\t\t<div class=\"elementor-element elementor-element-9150c69 elementor-widget elementor-widget-spacer\" data-id=\"9150c69\" data-element_type=\"widget\" data-e-type=\"widget\" data-widget_type=\"spacer.default\">\n\t\t\t\t<div class=\"elementor-widget-container\">\n\t\t\t\t\t\t\t<div class=\"elementor-spacer\">\n\t\t\t<div class=\"elementor-spacer-inner\"><\/div>\n\t\t<\/div>\n\t\t\t\t\t\t<\/div>\n\t\t\t\t<\/div>\n\t\t\t\t<div class=\"elementor-element elementor-element-d8387f7 elementor-widget elementor-widget-heading\" data-id=\"d8387f7\" data-element_type=\"widget\" data-e-type=\"widget\" data-widget_type=\"heading.default\">\n\t\t\t\t<div class=\"elementor-widget-container\">\n\t\t\t\t\t<h3 class=\"elementor-heading-title elementor-size-default translation-block\">Sport for all!<\/h3>\t\t\t\t<\/div>\n\t\t\t\t<\/div>\n\t\t\t\t<div class=\"elementor-element elementor-element-5270c26 elementor-widget-divider--view-line elementor-widget elementor-widget-divider\" data-id=\"5270c26\" data-element_type=\"widget\" data-e-type=\"widget\" data-widget_type=\"divider.default\">\n\t\t\t\t<div class=\"elementor-widget-container\">\n\t\t\t\t\t\t\t<div class=\"elementor-divider\">\n\t\t\t<span class=\"elementor-divider-separator\">\n\t\t\t\t\t\t<\/span>\n\t\t<\/div>\n\t\t\t\t\t\t<\/div>\n\t\t\t\t<\/div>\n\t\t\t\t<div class=\"elementor-element elementor-element-47114aa elementor-widget elementor-widget-heading\" data-id=\"47114aa\" data-element_type=\"widget\" data-e-type=\"widget\" data-widget_type=\"heading.default\">\n\t\t\t\t<div class=\"elementor-widget-container\">\n\t\t\t\t\t<h2 class=\"elementor-heading-title elementor-size-default translation-block\">The International Qwan Ki Do Federation organizes \u201cClub Championships\u201d, enabling a wide participation of students, even in countries with limited resources. These competitions give clubs the opportunity to gain international recognition, thus promoting democratic access to the sport.<br><br>Since its creation, the federation has organized several international competitions, including African, Pan-American, European and world championships, with landmark events such as the first world championship in Milan in 1994.<br><br>Bringing together over thirty countries and several thousand students, Qwan Ki Do has adapted itself as a sport, enabling everyone to test their skills in a competitive environment. The organization strives to guarantee access to practice for as many people as possible, promoting universal values such as loyalty, respect and self-improvement.<\/h2>\t\t\t\t<\/div>\n\t\t\t\t<\/div>\n\t\t\t\t<\/div>\n\t\t\t\t<div class=\"elementor-element elementor-element-210de4a elementor-widget elementor-widget-spacer\" data-id=\"210de4a\" data-element_type=\"widget\" data-e-type=\"widget\" data-widget_type=\"spacer.default\">\n\t\t\t\t<div class=\"elementor-widget-container\">\n\t\t\t\t\t\t\t<div class=\"elementor-spacer\">\n\t\t\t<div class=\"elementor-spacer-inner\"><\/div>\n\t\t<\/div>\n\t\t\t\t\t\t<\/div>\n\t\t\t\t<\/div>\n\t\t<div class=\"elementor-element elementor-element-2176ded e-con-full elementor-hidden-tablet e-flex e-con e-child\" data-id=\"2176ded\" data-element_type=\"container\" data-e-type=\"container\">\n\t\t\t\t<div class=\"elementor-element elementor-element-7a92e2a elementor-widget elementor-widget-image\" data-id=\"7a92e2a\" data-element_type=\"widget\" data-e-type=\"widget\" data-widget_type=\"image.default\">\n\t\t\t\t<div class=\"elementor-widget-container\">\n\t\t\t\t\t\t\t\t\t\t\t\t\t\t\t<img decoding=\"async\" width=\"578\" height=\"936\" src=\"https:\/\/qwankido-official.com\/wp-content\/uploads\/2024\/11\/SAUT-A-TROIS.jpg\" class=\"attachment-large size-large wp-image-8434\" alt=\"\" srcset=\"https:\/\/qwankido-official.com\/wp-content\/uploads\/2024\/11\/SAUT-A-TROIS.jpg 578w, https:\/\/qwankido-official.com\/wp-content\/uploads\/2024\/11\/SAUT-A-TROIS-185x300.jpg 185w, https:\/\/qwankido-official.com\/wp-content\/uploads\/2024\/11\/SAUT-A-TROIS-400x648.jpg 400w\" sizes=\"(max-width: 578px) 100vw, 578px\" \/>\t\t\t\t\t\t\t\t\t\t\t\t\t\t\t<\/div>\n\t\t\t\t<\/div>\n\t\t\t\t<\/div>\n\t\t\t\t\t<\/div>\n\t\t\t\t<\/div>\n\t\t<div class=\"elementor-element elementor-element-130e154 e-flex e-con-boxed e-con e-parent\" data-id=\"130e154\" data-element_type=\"container\" data-e-type=\"container\" data-settings=\"{&quot;animation&quot;:&quot;none&quot;}\">\n\t\t\t\t\t<div class=\"e-con-inner\">\n\t\t\t\t<div class=\"elementor-element elementor-element-49677d2 elementor-widget elementor-widget-heading\" data-id=\"49677d2\" data-element_type=\"widget\" data-e-type=\"widget\" data-widget_type=\"heading.default\">\n\t\t\t\t<div class=\"elementor-widget-container\">\n\t\t\t\t\t<h2 class=\"elementor-heading-title elementor-size-default\">In conclusion<\/h2>\t\t\t\t<\/div>\n\t\t\t\t<\/div>\n\t\t\t\t<div class=\"elementor-element elementor-element-fa4e3be elementor-widget-divider--view-line elementor-widget elementor-widget-divider\" data-id=\"fa4e3be\" data-element_type=\"widget\" data-e-type=\"widget\" data-widget_type=\"divider.default\">\n\t\t\t\t<div class=\"elementor-widget-container\">\n\t\t\t\t\t\t\t<div class=\"elementor-divider\">\n\t\t\t<span class=\"elementor-divider-separator\">\n\t\t\t\t\t\t<\/span>\n\t\t<\/div>\n\t\t\t\t\t\t<\/div>\n\t\t\t\t<\/div>\n\t\t\t\t<div class=\"elementor-element elementor-element-39aae28 elementor-widget elementor-widget-text-editor\" data-id=\"39aae28\" data-element_type=\"widget\" data-e-type=\"widget\" data-widget_type=\"text-editor.default\">\n\t\t\t\t<div class=\"elementor-widget-container\">\n\t\t\t\t\t\t\t\t\t<p>Qwan Ki Do is a traditional martial art that embodies a way of life that balances body and mind. Its fundamental principle is the harmony between physical strength and vital energy, with practice focused on health, safety and quality. This regular practice develops qualities leading to serenity, embodied in the concept of \u0110\u1ea1o or Do, which represents the goal of this martial art.<\/p>\n<p>Created by Th\u00e0y Chuong M\u00f4n Pham Xu\u00e2n Tong, Qwan Ki Do combines efficiency and tradition, the result of decades of hard work. Although it originated in the West and has its roots in Vietnam, Qwan Ki Do sees itself as a universal martial art, transcending borders.<\/p>\t\t\t\t\t\t\t\t<\/div>\n\t\t\t\t<\/div>\n\t\t\t\t\t<\/div>\n\t\t\t\t<\/div>\n\t\t\t\t<\/div>\n\t\t\n    <div class=\"xs_social_share_widget xs_share_url after_content \t\tmain_content  wslu-style-1 wslu-share-box-shaped wslu-fill-colored wslu-none wslu-share-horizontal wslu-theme-font-no wslu-main_content\">\n\n\t\t\n        <ul>\n\t\t\t        <\/ul>\n    <\/div>","protected":false},"excerpt":{"rendered":"<p>Les origines Le Qwan Ki Do, un art martial moderne bas\u00e9 sur des traditions anciennes, il n\u00e9cessite une structure adapt\u00e9e pour son enseignement et sa diffusion. En 1981, son fondateur, Th\u00e0y Chuong M\u00f4n Ph\u1ea1m Xu\u00e2n Tong, a cr\u00e9\u00e9 une organisation internationale pour d\u00e9velopper la discipline. Suite \u00e0 l&rsquo;essor mondial du Qwan Ki Do et au<span class=\"more-dots\">&#8230;<\/span><\/p>","protected":false},"author":1,"featured_media":0,"parent":7141,"menu_order":0,"comment_status":"closed","ping_status":"closed","template":"","meta":{"footnotes":""},"class_list":["post-7156","page","type-page","status-publish","hentry"],"yoast_head":"<!-- This site is optimized with the Yoast SEO plugin v27.5 - https:\/\/yoast.com\/product\/yoast-seo-wordpress\/ -->\n<title>La F\u00e9d\u00e9ration - Qwan Ki Do Official<\/title>\n<meta name=\"description\" content=\"D\u00e9couvrez la F\u00e9d\u00e9ration de Qwan Ki Do, son histoire, ses valeurs et son r\u00f4le dans la promotion de cet art martial.\" \/>\n<meta name=\"robots\" content=\"index, follow, max-snippet:-1, max-image-preview:large, max-video-preview:-1\" \/>\n<link rel=\"canonical\" href=\"https:\/\/qwankido-official.com\/en\/iqkdf\/la-federation\/\" \/>\n<meta property=\"og:locale\" content=\"en_US\" \/>\n<meta property=\"og:type\" content=\"article\" \/>\n<meta property=\"og:title\" content=\"La F\u00e9d\u00e9ration - Qwan Ki Do Official\" \/>\n<meta property=\"og:description\" content=\"D\u00e9couvrez la F\u00e9d\u00e9ration de Qwan Ki Do, son histoire, ses valeurs et son r\u00f4le dans la promotion de cet art martial.\" \/>\n<meta property=\"og:url\" content=\"https:\/\/qwankido-official.com\/en\/iqkdf\/la-federation\/\" \/>\n<meta property=\"og:site_name\" content=\"Qwan Ki Do Official\" \/>\n<meta property=\"article:modified_time\" content=\"2024-11-22T10:21:09+00:00\" \/>\n<meta property=\"og:image\" content=\"https:\/\/qwankido-official.com\/wp-content\/uploads\/2024\/11\/IMG_17942.jpg\" \/>\n\t<meta property=\"og:image:width\" content=\"559\" \/>\n\t<meta property=\"og:image:height\" content=\"787\" \/>\n\t<meta property=\"og:image:type\" content=\"image\/jpeg\" \/>\n<meta name=\"twitter:card\" content=\"summary_large_image\" \/>\n<meta name=\"twitter:label1\" content=\"Est. reading time\" \/>\n\t<meta name=\"twitter:data1\" content=\"4 minutes\" \/>\n<script type=\"application\/ld+json\" class=\"yoast-schema-graph\">{\"@context\":\"https:\\\/\\\/schema.org\",\"@graph\":[{\"@type\":\"WebPage\",\"@id\":\"https:\\\/\\\/qwankido-official.com\\\/iqkdf\\\/la-federation\\\/\",\"url\":\"https:\\\/\\\/qwankido-official.com\\\/iqkdf\\\/la-federation\\\/\",\"name\":\"La F\u00e9d\u00e9ration - Qwan Ki Do Official\",\"isPartOf\":{\"@id\":\"https:\\\/\\\/qwankido-official.com\\\/#website\"},\"primaryImageOfPage\":{\"@id\":\"https:\\\/\\\/qwankido-official.com\\\/iqkdf\\\/la-federation\\\/#primaryimage\"},\"image\":{\"@id\":\"https:\\\/\\\/qwankido-official.com\\\/iqkdf\\\/la-federation\\\/#primaryimage\"},\"thumbnailUrl\":\"https:\\\/\\\/qwankido-official.com\\\/wp-content\\\/uploads\\\/2024\\\/11\\\/IMG_17942.jpg\",\"datePublished\":\"2024-10-11T13:27:57+00:00\",\"dateModified\":\"2024-11-22T10:21:09+00:00\",\"description\":\"D\u00e9couvrez la F\u00e9d\u00e9ration de Qwan Ki Do, son histoire, ses valeurs et son r\u00f4le dans la promotion de cet art martial.\",\"breadcrumb\":{\"@id\":\"https:\\\/\\\/qwankido-official.com\\\/iqkdf\\\/la-federation\\\/#breadcrumb\"},\"inLanguage\":\"en-US\",\"potentialAction\":[{\"@type\":\"ReadAction\",\"target\":[\"https:\\\/\\\/qwankido-official.com\\\/iqkdf\\\/la-federation\\\/\"]}]},{\"@type\":\"ImageObject\",\"inLanguage\":\"en-US\",\"@id\":\"https:\\\/\\\/qwankido-official.com\\\/iqkdf\\\/la-federation\\\/#primaryimage\",\"url\":\"https:\\\/\\\/qwankido-official.com\\\/wp-content\\\/uploads\\\/2024\\\/11\\\/IMG_17942.jpg\",\"contentUrl\":\"https:\\\/\\\/qwankido-official.com\\\/wp-content\\\/uploads\\\/2024\\\/11\\\/IMG_17942.jpg\"},{\"@type\":\"BreadcrumbList\",\"@id\":\"https:\\\/\\\/qwankido-official.com\\\/iqkdf\\\/la-federation\\\/#breadcrumb\",\"itemListElement\":[{\"@type\":\"ListItem\",\"position\":1,\"name\":\"Home\",\"item\":\"https:\\\/\\\/qwankido-official.com\\\/\"},{\"@type\":\"ListItem\",\"position\":2,\"name\":\"IQKDF\",\"item\":\"https:\\\/\\\/qwankido-official.com\\\/?page_id=7141\"},{\"@type\":\"ListItem\",\"position\":3,\"name\":\"La F\u00e9d\u00e9ration\"}]},{\"@type\":\"WebSite\",\"@id\":\"https:\\\/\\\/qwankido-official.com\\\/#website\",\"url\":\"https:\\\/\\\/qwankido-official.com\\\/\",\"name\":\"Qwan Ki Do Official\",\"description\":\"Art Martial traditionnel sino-vietnamien\",\"publisher\":{\"@id\":\"https:\\\/\\\/qwankido-official.com\\\/#organization\"},\"potentialAction\":[{\"@type\":\"SearchAction\",\"target\":{\"@type\":\"EntryPoint\",\"urlTemplate\":\"https:\\\/\\\/qwankido-official.com\\\/?s={search_term_string}\"},\"query-input\":{\"@type\":\"PropertyValueSpecification\",\"valueRequired\":true,\"valueName\":\"search_term_string\"}}],\"inLanguage\":\"en-US\"},{\"@type\":\"Organization\",\"@id\":\"https:\\\/\\\/qwankido-official.com\\\/#organization\",\"name\":\"Qwan Ki Do Official\",\"url\":\"https:\\\/\\\/qwankido-official.com\\\/\",\"logo\":{\"@type\":\"ImageObject\",\"inLanguage\":\"en-US\",\"@id\":\"https:\\\/\\\/qwankido-official.com\\\/#\\\/schema\\\/logo\\\/image\\\/\",\"url\":\"https:\\\/\\\/qwankido-official.com\\\/wp-content\\\/uploads\\\/2024\\\/10\\\/cropped-Sans-titre-3-1.png\",\"contentUrl\":\"https:\\\/\\\/qwankido-official.com\\\/wp-content\\\/uploads\\\/2024\\\/10\\\/cropped-Sans-titre-3-1.png\",\"width\":100,\"height\":100,\"caption\":\"Qwan Ki Do Official\"},\"image\":{\"@id\":\"https:\\\/\\\/qwankido-official.com\\\/#\\\/schema\\\/logo\\\/image\\\/\"}}]}<\/script>\n<!-- \/ Yoast SEO plugin. -->","yoast_head_json":{"title":"La F\u00e9d\u00e9ration - Qwan Ki Do Official","description":"D\u00e9couvrez la F\u00e9d\u00e9ration de Qwan Ki Do, son histoire, ses valeurs et son r\u00f4le dans la promotion de cet art martial.","robots":{"index":"index","follow":"follow","max-snippet":"max-snippet:-1","max-image-preview":"max-image-preview:large","max-video-preview":"max-video-preview:-1"},"canonical":"https:\/\/qwankido-official.com\/en\/iqkdf\/la-federation\/","og_locale":"en_US","og_type":"article","og_title":"La F\u00e9d\u00e9ration - Qwan Ki Do Official","og_description":"D\u00e9couvrez la F\u00e9d\u00e9ration de Qwan Ki Do, son histoire, ses valeurs et son r\u00f4le dans la promotion de cet art martial.","og_url":"https:\/\/qwankido-official.com\/en\/iqkdf\/la-federation\/","og_site_name":"Qwan Ki Do Official","article_modified_time":"2024-11-22T10:21:09+00:00","og_image":[{"width":559,"height":787,"url":"https:\/\/qwankido-official.com\/wp-content\/uploads\/2024\/11\/IMG_17942.jpg","type":"image\/jpeg"}],"twitter_card":"summary_large_image","twitter_misc":{"Est. reading time":"4 minutes"},"schema":{"@context":"https:\/\/schema.org","@graph":[{"@type":"WebPage","@id":"https:\/\/qwankido-official.com\/iqkdf\/la-federation\/","url":"https:\/\/qwankido-official.com\/iqkdf\/la-federation\/","name":"La F\u00e9d\u00e9ration - Qwan Ki Do Official","isPartOf":{"@id":"https:\/\/qwankido-official.com\/#website"},"primaryImageOfPage":{"@id":"https:\/\/qwankido-official.com\/iqkdf\/la-federation\/#primaryimage"},"image":{"@id":"https:\/\/qwankido-official.com\/iqkdf\/la-federation\/#primaryimage"},"thumbnailUrl":"https:\/\/qwankido-official.com\/wp-content\/uploads\/2024\/11\/IMG_17942.jpg","datePublished":"2024-10-11T13:27:57+00:00","dateModified":"2024-11-22T10:21:09+00:00","description":"D\u00e9couvrez la F\u00e9d\u00e9ration de Qwan Ki Do, son histoire, ses valeurs et son r\u00f4le dans la promotion de cet art martial.","breadcrumb":{"@id":"https:\/\/qwankido-official.com\/iqkdf\/la-federation\/#breadcrumb"},"inLanguage":"en-US","potentialAction":[{"@type":"ReadAction","target":["https:\/\/qwankido-official.com\/iqkdf\/la-federation\/"]}]},{"@type":"ImageObject","inLanguage":"en-US","@id":"https:\/\/qwankido-official.com\/iqkdf\/la-federation\/#primaryimage","url":"https:\/\/qwankido-official.com\/wp-content\/uploads\/2024\/11\/IMG_17942.jpg","contentUrl":"https:\/\/qwankido-official.com\/wp-content\/uploads\/2024\/11\/IMG_17942.jpg"},{"@type":"BreadcrumbList","@id":"https:\/\/qwankido-official.com\/iqkdf\/la-federation\/#breadcrumb","itemListElement":[{"@type":"ListItem","position":1,"name":"Home","item":"https:\/\/qwankido-official.com\/"},{"@type":"ListItem","position":2,"name":"IQKDF","item":"https:\/\/qwankido-official.com\/?page_id=7141"},{"@type":"ListItem","position":3,"name":"La F\u00e9d\u00e9ration"}]},{"@type":"WebSite","@id":"https:\/\/qwankido-official.com\/#website","url":"https:\/\/qwankido-official.com\/","name":"Qwan Ki Do Official","description":"Art Martial traditionnel sino-vietnamien","publisher":{"@id":"https:\/\/qwankido-official.com\/#organization"},"potentialAction":[{"@type":"SearchAction","target":{"@type":"EntryPoint","urlTemplate":"https:\/\/qwankido-official.com\/?s={search_term_string}"},"query-input":{"@type":"PropertyValueSpecification","valueRequired":true,"valueName":"search_term_string"}}],"inLanguage":"en-US"},{"@type":"Organization","@id":"https:\/\/qwankido-official.com\/#organization","name":"Qwan Ki Do Official","url":"https:\/\/qwankido-official.com\/","logo":{"@type":"ImageObject","inLanguage":"en-US","@id":"https:\/\/qwankido-official.com\/#\/schema\/logo\/image\/","url":"https:\/\/qwankido-official.com\/wp-content\/uploads\/2024\/10\/cropped-Sans-titre-3-1.png","contentUrl":"https:\/\/qwankido-official.com\/wp-content\/uploads\/2024\/10\/cropped-Sans-titre-3-1.png","width":100,"height":100,"caption":"Qwan Ki Do Official"},"image":{"@id":"https:\/\/qwankido-official.com\/#\/schema\/logo\/image\/"}}]}},"_links":{"self":[{"href":"https:\/\/qwankido-official.com\/en\/wp-json\/wp\/v2\/pages\/7156","targetHints":{"allow":["GET"]}}],"collection":[{"href":"https:\/\/qwankido-official.com\/en\/wp-json\/wp\/v2\/pages"}],"about":[{"href":"https:\/\/qwankido-official.com\/en\/wp-json\/wp\/v2\/types\/page"}],"author":[{"embeddable":true,"href":"https:\/\/qwankido-official.com\/en\/wp-json\/wp\/v2\/users\/1"}],"replies":[{"embeddable":true,"href":"https:\/\/qwankido-official.com\/en\/wp-json\/wp\/v2\/comments?post=7156"}],"version-history":[{"count":95,"href":"https:\/\/qwankido-official.com\/en\/wp-json\/wp\/v2\/pages\/7156\/revisions"}],"predecessor-version":[{"id":9362,"href":"https:\/\/qwankido-official.com\/en\/wp-json\/wp\/v2\/pages\/7156\/revisions\/9362"}],"up":[{"embeddable":true,"href":"https:\/\/qwankido-official.com\/en\/wp-json\/wp\/v2\/pages\/7141"}],"wp:attachment":[{"href":"https:\/\/qwankido-official.com\/en\/wp-json\/wp\/v2\/media?parent=7156"}],"curies":[{"name":"wp","href":"https:\/\/api.w.org\/{rel}","templated":true}]}}