{"id":7312,"date":"2024-10-14T18:51:07","date_gmt":"2024-10-14T18:51:07","guid":{"rendered":"https:\/\/qwankido-official.com\/?page_id=7312"},"modified":"2024-12-13T10:12:06","modified_gmt":"2024-12-13T10:12:06","slug":"lart-martial","status":"publish","type":"page","link":"https:\/\/qwankido-official.com\/en\/le-qwan-ki-do\/lart-martial\/","title":{"rendered":"L&rsquo;ART MARTIAL"},"content":{"rendered":"<div data-elementor-type=\"wp-page\" data-elementor-id=\"7312\" class=\"elementor elementor-7312\" data-elementor-post-type=\"page\">\n\t\t\t\t<div class=\"elementor-element elementor-element-a8d353a e-flex e-con-boxed e-con e-parent\" data-id=\"a8d353a\" data-element_type=\"container\" data-e-type=\"container\" data-settings=\"{&quot;background_background&quot;:&quot;classic&quot;}\">\n\t\t\t\t\t<div class=\"e-con-inner\">\n\t\t<div class=\"elementor-element elementor-element-29eb879 e-con-full e-flex e-con e-child\" data-id=\"29eb879\" data-element_type=\"container\" data-e-type=\"container\">\n\t\t<div class=\"elementor-element elementor-element-6e6d59d e-con-full e-flex elementor-invisible e-con e-child\" data-id=\"6e6d59d\" data-element_type=\"container\" data-e-type=\"container\" data-settings=\"{&quot;animation&quot;:&quot;fadeInLeft&quot;}\">\n\t\t\t\t<div class=\"elementor-element elementor-element-dd55d53 elementor-widget elementor-widget-image\" data-id=\"dd55d53\" data-element_type=\"widget\" data-e-type=\"widget\" data-widget_type=\"image.default\">\n\t\t\t\t<div class=\"elementor-widget-container\">\n\t\t\t\t\t\t\t\t\t\t\t\t\t\t\t<img fetchpriority=\"high\" decoding=\"async\" width=\"1170\" height=\"780\" src=\"https:\/\/qwankido-official.com\/wp-content\/uploads\/2024\/10\/photo-lart-martial-1170x780.jpg\" class=\"attachment-youko-default-post size-youko-default-post wp-image-7344\" alt=\"\" srcset=\"https:\/\/qwankido-official.com\/wp-content\/uploads\/2024\/10\/photo-lart-martial-1170x780.jpg 1170w, https:\/\/qwankido-official.com\/wp-content\/uploads\/2024\/10\/photo-lart-martial-775x517.jpg 775w\" sizes=\"(max-width: 1170px) 100vw, 1170px\" \/>\t\t\t\t\t\t\t\t\t\t\t\t\t\t\t<\/div>\n\t\t\t\t<\/div>\n\t\t\t\t<\/div>\n\t\t<div class=\"elementor-element elementor-element-aced1a3 e-con-full e-flex elementor-invisible e-con e-child\" data-id=\"aced1a3\" data-element_type=\"container\" data-e-type=\"container\" data-settings=\"{&quot;animation&quot;:&quot;fadeInRight&quot;}\">\n\t\t\t\t<div class=\"elementor-element elementor-element-6a408c3 elementor-widget elementor-widget-heading\" data-id=\"6a408c3\" data-element_type=\"widget\" data-e-type=\"widget\" data-widget_type=\"heading.default\">\n\t\t\t\t<div class=\"elementor-widget-container\">\n\t\t\t\t\t<h4 class=\"elementor-heading-title elementor-size-default\">Qwan Ki Do (definition)<\/h4>\t\t\t\t<\/div>\n\t\t\t\t<\/div>\n\t\t\t\t<div class=\"elementor-element elementor-element-7b65017 elementor-widget elementor-widget-text-editor\" data-id=\"7b65017\" data-element_type=\"widget\" data-e-type=\"widget\" data-widget_type=\"text-editor.default\">\n\t\t\t\t<div class=\"elementor-widget-container\">\n\t\t\t\t\t\t\t\t\t<p class=\"p1\">It's always tricky to come up with a literary definition of Qwan Ki Do. Indeed, \u201cThe martial art is practised, lived...\u201d.<\/p><p class=\"p1\">Nevertheless, if we had to explain the idea in a few words, we could say that Qwan Ki Do is a comprehensive traditional Sino-Vietnamese martial art. Qwan Ki Do covers a wide range of aspects, including codified sequences of techniques (Quy\u00ean), single techniques, two-person techniques, fighting, free fighting and traditional weapons.<\/p>\t\t\t\t\t\t\t\t<\/div>\n\t\t\t\t<\/div>\n\t\t\t\t<\/div>\n\t\t\t\t<\/div>\n\t\t<div class=\"elementor-element elementor-element-2f3c428 e-con-full e-flex e-con e-child\" data-id=\"2f3c428\" data-element_type=\"container\" data-e-type=\"container\" data-settings=\"{&quot;animation&quot;:&quot;none&quot;}\">\n\t\t\t\t<div class=\"elementor-element elementor-element-346e141 elementor-widget elementor-widget-text-editor\" data-id=\"346e141\" data-element_type=\"widget\" data-e-type=\"widget\" data-widget_type=\"text-editor.default\">\n\t\t\t\t<div class=\"elementor-widget-container\">\n\t\t\t\t\t\t\t\t\t<p class=\"p1\">It combines efficiency and tradition through various techniques such as fists (cutting, clawing, spiking, palming), elbows, feet, knees, sweeps,flying kicks scissors, projections, grabs, armlocks, self-defense....<\/p><p class=\"p1\">In terms of terminology, Th\u00e0y Chuong M\u00f4n PHAM Xu\u00e2n Tong has chosen the term: <b>Qwan Ki Do<\/b><\/p>\t\t\t\t\t\t\t\t<\/div>\n\t\t\t\t<\/div>\n\t\t\t\t<div class=\"elementor-element elementor-element-56f3953 elementor-icon-list--layout-traditional elementor-list-item-link-full_width elementor-widget elementor-widget-icon-list\" data-id=\"56f3953\" data-element_type=\"widget\" data-e-type=\"widget\" data-widget_type=\"icon-list.default\">\n\t\t\t\t<div class=\"elementor-widget-container\">\n\t\t\t\t\t\t\t<ul class=\"elementor-icon-list-items\">\n\t\t\t\t\t\t\t<li class=\"elementor-icon-list-item\">\n\t\t\t\t\t\t\t\t\t\t\t<span class=\"elementor-icon-list-icon\">\n\t\t\t\t\t\t\t<svg aria-hidden=\"true\" class=\"e-font-icon-svg e-fas-circle\" viewbox=\"0 0 512 512\" xmlns=\"http:\/\/www.w3.org\/2000\/svg\"><path d=\"M256 8C119 8 8 119 8 256s111 248 248 248 248-111 248-248S393 8 256 8z\"><\/path><\/svg>\t\t\t\t\t\t<\/span>\n\t\t\t\t\t\t\t\t\t\t<span class=\"elementor-icon-list-text\">to pay homage to his Master Ch\u00e2u Quan K\u1ef3, by mentioning him phonetically in the name of his method.<\/span>\n\t\t\t\t\t\t\t\t\t<\/li>\n\t\t\t\t\t\t\t\t<li class=\"elementor-icon-list-item\">\n\t\t\t\t\t\t\t\t\t\t\t<span class=\"elementor-icon-list-icon\">\n\t\t\t\t\t\t\t<svg aria-hidden=\"true\" class=\"e-font-icon-svg e-fas-circle\" viewbox=\"0 0 512 512\" xmlns=\"http:\/\/www.w3.org\/2000\/svg\"><path d=\"M256 8C119 8 8 119 8 256s111 248 248 248 248-111 248-248S393 8 256 8z\"><\/path><\/svg>\t\t\t\t\t\t<\/span>\n\t\t\t\t\t\t\t\t\t\t<span class=\"elementor-icon-list-text\">to preserve the name of the very old method (Qu\u00e1n Kh\u00ed, 1009 A.D.), handed down by his family.<\/span>\n\t\t\t\t\t\t\t\t\t<\/li>\n\t\t\t\t\t\t\t\t<li class=\"elementor-icon-list-item\">\n\t\t\t\t\t\t\t\t\t\t\t<span class=\"elementor-icon-list-icon\">\n\t\t\t\t\t\t\t<svg aria-hidden=\"true\" class=\"e-font-icon-svg e-fas-circle\" viewbox=\"0 0 512 512\" xmlns=\"http:\/\/www.w3.org\/2000\/svg\"><path d=\"M256 8C119 8 8 119 8 256s111 248 248 248 248-111 248-248S393 8 256 8z\"><\/path><\/svg>\t\t\t\t\t\t<\/span>\n\t\t\t\t\t\t\t\t\t\t<span class=\"elementor-icon-list-text\">for its ease of transcription, pronunciation and communication.<\/span>\n\t\t\t\t\t\t\t\t\t<\/li>\n\t\t\t\t\t\t<\/ul>\n\t\t\t\t\t\t<\/div>\n\t\t\t\t<\/div>\n\t\t\t\t<\/div>\n\t\t\t\t\t<\/div>\n\t\t\t\t<\/div>\n\t\t<div class=\"elementor-element elementor-element-3e5f07c e-flex e-con-boxed e-con e-parent\" data-id=\"3e5f07c\" data-element_type=\"container\" data-e-type=\"container\">\n\t\t\t\t\t<div class=\"e-con-inner\">\n\t\t<div class=\"elementor-element elementor-element-7869dd0 e-con-full e-flex e-con e-child\" data-id=\"7869dd0\" data-element_type=\"container\" data-e-type=\"container\" data-settings=\"{&quot;animation&quot;:&quot;none&quot;}\">\n\t\t\t\t<div class=\"elementor-element elementor-element-b6607db elementor-widget elementor-widget-heading\" data-id=\"b6607db\" data-element_type=\"widget\" data-e-type=\"widget\" data-widget_type=\"heading.default\">\n\t\t\t\t<div class=\"elementor-widget-container\">\n\t\t\t\t\t<h2 class=\"elementor-heading-title elementor-size-default\">The values<\/h2>\t\t\t\t<\/div>\n\t\t\t\t<\/div>\n\t\t\t\t<div class=\"elementor-element elementor-element-a392970 elementor-widget elementor-widget-text-editor\" data-id=\"a392970\" data-element_type=\"widget\" data-e-type=\"widget\" data-widget_type=\"text-editor.default\">\n\t\t\t\t<div class=\"elementor-widget-container\">\n\t\t\t\t\t\t\t\t\t<p class=\"p1\">The term also highlights two fundamental elements of any martial art:<\/p>\t\t\t\t\t\t\t\t<\/div>\n\t\t\t\t<\/div>\n\t\t\t\t<div class=\"elementor-element elementor-element-88e47ba elementor-icon-list--layout-traditional elementor-list-item-link-full_width elementor-widget elementor-widget-icon-list\" data-id=\"88e47ba\" data-element_type=\"widget\" data-e-type=\"widget\" data-widget_type=\"icon-list.default\">\n\t\t\t\t<div class=\"elementor-widget-container\">\n\t\t\t\t\t\t\t<ul class=\"elementor-icon-list-items\">\n\t\t\t\t\t\t\t<li class=\"elementor-icon-list-item\">\n\t\t\t\t\t\t\t\t\t\t\t<span class=\"elementor-icon-list-icon\">\n\t\t\t\t\t\t\t<svg aria-hidden=\"true\" class=\"e-font-icon-svg e-fas-circle\" viewbox=\"0 0 512 512\" xmlns=\"http:\/\/www.w3.org\/2000\/svg\"><path d=\"M256 8C119 8 8 119 8 256s111 248 248 248 248-111 248-248S393 8 256 8z\"><\/path><\/svg>\t\t\t\t\t\t<\/span>\n\t\t\t\t\t\t\t\t\t\t<span class=\"elementor-icon-list-text\">The Kh\u00ed - more commonly known as Ki (energy)<\/span>\n\t\t\t\t\t\t\t\t\t<\/li>\n\t\t\t\t\t\t\t\t<li class=\"elementor-icon-list-item\">\n\t\t\t\t\t\t\t\t\t\t\t<span class=\"elementor-icon-list-icon\">\n\t\t\t\t\t\t\t<svg aria-hidden=\"true\" class=\"e-font-icon-svg e-fas-circle\" viewbox=\"0 0 512 512\" xmlns=\"http:\/\/www.w3.org\/2000\/svg\"><path d=\"M256 8C119 8 8 119 8 256s111 248 248 248 248-111 248-248S393 8 256 8z\"><\/path><\/svg>\t\t\t\t\t\t<\/span>\n\t\t\t\t\t\t\t\t\t\t<span class=\"elementor-icon-list-text\">The \u00d0\u1ea1o - more commonly known as Do (way)<\/span>\n\t\t\t\t\t\t\t\t\t<\/li>\n\t\t\t\t\t\t<\/ul>\n\t\t\t\t\t\t<\/div>\n\t\t\t\t<\/div>\n\t\t\t\t<div class=\"elementor-element elementor-element-b45c7d3 elementor-widget elementor-widget-spacer\" data-id=\"b45c7d3\" data-element_type=\"widget\" data-e-type=\"widget\" data-widget_type=\"spacer.default\">\n\t\t\t\t<div class=\"elementor-widget-container\">\n\t\t\t\t\t\t\t<div class=\"elementor-spacer\">\n\t\t\t<div class=\"elementor-spacer-inner\"><\/div>\n\t\t<\/div>\n\t\t\t\t\t\t<\/div>\n\t\t\t\t<\/div>\n\t\t\t\t<div class=\"elementor-element elementor-element-cb7a21f elementor-widget elementor-widget-text-editor\" data-id=\"cb7a21f\" data-element_type=\"widget\" data-e-type=\"widget\" data-widget_type=\"text-editor.default\">\n\t\t\t\t<div class=\"elementor-widget-container\">\n\t\t\t\t\t\t\t\t\t<p class=\"p1 translation-block\">The addition of the first name Quan K\u1ef3 (all greatness) to this double meaning resulted in the Vietnamese term: QWAN KI DO or Qu\u00e1n Kh\u00ed \u00d0\u1ea1o = The Way of Body Energy<\/p><p class=\"p1 translation-block\">Harmony is the soul of Qwan Ki Do.\nPerseverance, willpower and modesty: the values of the practitioner... The choice of the word Qwan Ki Do reflects, in its deepest sense, recognition but also a whole structure of traditional thought that the Founder of this method meticulously concretized after many years of reflection:<\/p>\t\t\t\t\t\t\t\t<\/div>\n\t\t\t\t<\/div>\n\t\t\t\t<div class=\"elementor-element elementor-element-04e3ba1 elementor-icon-list--layout-traditional elementor-list-item-link-full_width elementor-widget elementor-widget-icon-list\" data-id=\"04e3ba1\" data-element_type=\"widget\" data-e-type=\"widget\" data-widget_type=\"icon-list.default\">\n\t\t\t\t<div class=\"elementor-widget-container\">\n\t\t\t\t\t\t\t<ul class=\"elementor-icon-list-items\">\n\t\t\t\t\t\t\t<li class=\"elementor-icon-list-item\">\n\t\t\t\t\t\t\t\t\t\t\t<span class=\"elementor-icon-list-icon\">\n\t\t\t\t\t\t\t<svg aria-hidden=\"true\" class=\"e-font-icon-svg e-fas-circle\" viewbox=\"0 0 512 512\" xmlns=\"http:\/\/www.w3.org\/2000\/svg\"><path d=\"M256 8C119 8 8 119 8 256s111 248 248 248 248-111 248-248S393 8 256 8z\"><\/path><\/svg>\t\t\t\t\t\t<\/span>\n\t\t\t\t\t\t\t\t\t\t<span class=\"elementor-icon-list-text\">Qwan or Quan - is a whole of existence<\/span>\n\t\t\t\t\t\t\t\t\t<\/li>\n\t\t\t\t\t\t\t\t<li class=\"elementor-icon-list-item\">\n\t\t\t\t\t\t\t\t\t\t\t<span class=\"elementor-icon-list-icon\">\n\t\t\t\t\t\t\t<svg aria-hidden=\"true\" class=\"e-font-icon-svg e-fas-circle\" viewbox=\"0 0 512 512\" xmlns=\"http:\/\/www.w3.org\/2000\/svg\"><path d=\"M256 8C119 8 8 119 8 256s111 248 248 248 248-111 248-248S393 8 256 8z\"><\/path><\/svg>\t\t\t\t\t\t<\/span>\n\t\t\t\t\t\t\t\t\t\t<span class=\"elementor-icon-list-text\">Ki or Khi - is therefore energy, life<\/span>\n\t\t\t\t\t\t\t\t\t<\/li>\n\t\t\t\t\t\t\t\t<li class=\"elementor-icon-list-item\">\n\t\t\t\t\t\t\t\t\t\t\t<span class=\"elementor-icon-list-icon\">\n\t\t\t\t\t\t\t<svg aria-hidden=\"true\" class=\"e-font-icon-svg e-fas-circle\" viewbox=\"0 0 512 512\" xmlns=\"http:\/\/www.w3.org\/2000\/svg\"><path d=\"M256 8C119 8 8 119 8 256s111 248 248 248 248-111 248-248S393 8 256 8z\"><\/path><\/svg>\t\t\t\t\t\t<\/span>\n\t\t\t\t\t\t\t\t\t\t<span class=\"elementor-icon-list-text\">Do or Dao - the way of wisdom, in other words the source of mental life.<\/span>\n\t\t\t\t\t\t\t\t\t<\/li>\n\t\t\t\t\t\t<\/ul>\n\t\t\t\t\t\t<\/div>\n\t\t\t\t<\/div>\n\t\t\t\t<\/div>\n\t\t<div class=\"elementor-element elementor-element-8e40d19 e-con-full e-flex e-con e-child\" data-id=\"8e40d19\" data-element_type=\"container\" data-e-type=\"container\" data-settings=\"{&quot;animation&quot;:&quot;none&quot;}\">\n\t\t\t\t<div class=\"elementor-element elementor-element-8575dc5 elementor-widget elementor-widget-image\" data-id=\"8575dc5\" data-element_type=\"widget\" data-e-type=\"widget\" data-widget_type=\"image.default\">\n\t\t\t\t<div class=\"elementor-widget-container\">\n\t\t\t\t\t\t\t\t\t\t\t\t<figure class=\"wp-caption\">\n\t\t\t\t\t\t\t\t\t\t<img decoding=\"async\" width=\"400\" height=\"480\" src=\"https:\/\/qwankido-official.com\/wp-content\/uploads\/2024\/10\/Site-qkd.jpg\" class=\"attachment-large size-large wp-image-7349\" alt=\"\" srcset=\"https:\/\/qwankido-official.com\/wp-content\/uploads\/2024\/10\/Site-qkd.jpg 400w, https:\/\/qwankido-official.com\/wp-content\/uploads\/2024\/10\/Site-qkd-250x300.jpg 250w\" sizes=\"(max-width: 400px) 100vw, 400px\" \/>\t\t\t\t\t\t\t\t\t\t\t<figcaption class=\"widget-image-caption wp-caption-text\">Calligraphy by Th\u00e0y Chuong M\u00f4n PH\u1ea0M Xu\u00e2n T\u00f2ng<\/figcaption>\n\t\t\t\t\t\t\t\t\t\t<\/figure>\n\t\t\t\t\t\t\t\t\t<\/div>\n\t\t\t\t<\/div>\n\t\t\t\t<\/div>\n\t\t\t\t\t<\/div>\n\t\t\t\t<\/div>\n\t\t\t\t<\/div>\n\t\t\n    <div class=\"xs_social_share_widget xs_share_url after_content \t\tmain_content  wslu-style-1 wslu-share-box-shaped wslu-fill-colored wslu-none wslu-share-horizontal wslu-theme-font-no wslu-main_content\">\n\n\t\t\n        <ul>\n\t\t\t        <\/ul>\n    <\/div>","protected":false},"excerpt":{"rendered":"<p>Le Qwan Ki do (d\u00e9finition) Il est toujours d\u00e9licat de proposer une d\u00e9finition litt\u00e9raire du Qwan Ki Do. En effet, \u201cL\u2019art martial se pratique, se vit\u2026\u201d N\u00e9anmoins, s\u2019il fallait expliquer cette id\u00e9e en quelques mots, il pourrait \u00eatre dit que le Qwan Ki Do est un art martial traditionnel sino-vietnamien tr\u00e8s complet. Le Qwan Ki<span class=\"more-dots\">&#8230;<\/span><\/p>","protected":false},"author":1,"featured_media":0,"parent":7143,"menu_order":0,"comment_status":"closed","ping_status":"closed","template":"","meta":{"footnotes":""},"class_list":["post-7312","page","type-page","status-publish","hentry"],"yoast_head":"<!-- This site is optimized with the Yoast SEO plugin v27.5 - https:\/\/yoast.com\/product\/yoast-seo-wordpress\/ -->\n<title>L&#039;ART MARTIAL - Qwan Ki Do Official<\/title>\n<meta name=\"description\" content=\"D\u00e9couvrez le Qwankido, l&#039;art martial cr\u00e9\u00e9 par Ma\u00eetre Pham Xuan Tong, alliant discipline, self-d\u00e9fense et d\u00e9veloppement personnel.\" \/>\n<meta name=\"robots\" content=\"index, follow, max-snippet:-1, max-image-preview:large, max-video-preview:-1\" \/>\n<link rel=\"canonical\" href=\"https:\/\/qwankido-official.com\/en\/le-qwan-ki-do\/lart-martial\/\" \/>\n<meta property=\"og:locale\" content=\"en_US\" \/>\n<meta property=\"og:type\" content=\"article\" \/>\n<meta property=\"og:title\" content=\"L&#039;ART MARTIAL - Qwan Ki Do Official\" \/>\n<meta property=\"og:description\" content=\"D\u00e9couvrez le Qwankido, l&#039;art martial cr\u00e9\u00e9 par Ma\u00eetre Pham Xuan Tong, alliant discipline, self-d\u00e9fense et d\u00e9veloppement personnel.\" \/>\n<meta property=\"og:url\" content=\"https:\/\/qwankido-official.com\/en\/le-qwan-ki-do\/lart-martial\/\" \/>\n<meta property=\"og:site_name\" content=\"Qwan Ki Do Official\" \/>\n<meta property=\"article:modified_time\" content=\"2024-12-13T10:12:06+00:00\" \/>\n<meta property=\"og:image\" content=\"https:\/\/qwankido-official.com\/wp-content\/uploads\/2024\/10\/photo-lart-martial-1170x780.jpg\" \/>\n<meta name=\"twitter:card\" content=\"summary_large_image\" \/>\n<meta name=\"twitter:label1\" content=\"Est. reading time\" \/>\n\t<meta name=\"twitter:data1\" content=\"3 minutes\" \/>\n<script type=\"application\/ld+json\" class=\"yoast-schema-graph\">{\"@context\":\"https:\\\/\\\/schema.org\",\"@graph\":[{\"@type\":\"WebPage\",\"@id\":\"https:\\\/\\\/qwankido-official.com\\\/le-qwan-ki-do\\\/lart-martial\\\/\",\"url\":\"https:\\\/\\\/qwankido-official.com\\\/le-qwan-ki-do\\\/lart-martial\\\/\",\"name\":\"L'ART MARTIAL - Qwan Ki Do Official\",\"isPartOf\":{\"@id\":\"https:\\\/\\\/qwankido-official.com\\\/#website\"},\"primaryImageOfPage\":{\"@id\":\"https:\\\/\\\/qwankido-official.com\\\/le-qwan-ki-do\\\/lart-martial\\\/#primaryimage\"},\"image\":{\"@id\":\"https:\\\/\\\/qwankido-official.com\\\/le-qwan-ki-do\\\/lart-martial\\\/#primaryimage\"},\"thumbnailUrl\":\"https:\\\/\\\/qwankido-official.com\\\/wp-content\\\/uploads\\\/2024\\\/10\\\/photo-lart-martial-1170x780.jpg\",\"datePublished\":\"2024-10-14T18:51:07+00:00\",\"dateModified\":\"2024-12-13T10:12:06+00:00\",\"description\":\"D\u00e9couvrez le Qwankido, l'art martial cr\u00e9\u00e9 par Ma\u00eetre Pham Xuan Tong, alliant discipline, self-d\u00e9fense et d\u00e9veloppement personnel.\",\"breadcrumb\":{\"@id\":\"https:\\\/\\\/qwankido-official.com\\\/le-qwan-ki-do\\\/lart-martial\\\/#breadcrumb\"},\"inLanguage\":\"en-US\",\"potentialAction\":[{\"@type\":\"ReadAction\",\"target\":[\"https:\\\/\\\/qwankido-official.com\\\/le-qwan-ki-do\\\/lart-martial\\\/\"]}]},{\"@type\":\"ImageObject\",\"inLanguage\":\"en-US\",\"@id\":\"https:\\\/\\\/qwankido-official.com\\\/le-qwan-ki-do\\\/lart-martial\\\/#primaryimage\",\"url\":\"https:\\\/\\\/qwankido-official.com\\\/wp-content\\\/uploads\\\/2024\\\/10\\\/photo-lart-martial-1170x780.jpg\",\"contentUrl\":\"https:\\\/\\\/qwankido-official.com\\\/wp-content\\\/uploads\\\/2024\\\/10\\\/photo-lart-martial-1170x780.jpg\"},{\"@type\":\"BreadcrumbList\",\"@id\":\"https:\\\/\\\/qwankido-official.com\\\/le-qwan-ki-do\\\/lart-martial\\\/#breadcrumb\",\"itemListElement\":[{\"@type\":\"ListItem\",\"position\":1,\"name\":\"Home\",\"item\":\"https:\\\/\\\/qwankido-official.com\\\/\"},{\"@type\":\"ListItem\",\"position\":2,\"name\":\"Le Qwan Ki Do\",\"item\":\"https:\\\/\\\/qwankido-official.com\\\/?page_id=7143\"},{\"@type\":\"ListItem\",\"position\":3,\"name\":\"L&rsquo;ART MARTIAL\"}]},{\"@type\":\"WebSite\",\"@id\":\"https:\\\/\\\/qwankido-official.com\\\/#website\",\"url\":\"https:\\\/\\\/qwankido-official.com\\\/\",\"name\":\"Qwan Ki Do Official\",\"description\":\"Art Martial traditionnel sino-vietnamien\",\"publisher\":{\"@id\":\"https:\\\/\\\/qwankido-official.com\\\/#organization\"},\"potentialAction\":[{\"@type\":\"SearchAction\",\"target\":{\"@type\":\"EntryPoint\",\"urlTemplate\":\"https:\\\/\\\/qwankido-official.com\\\/?s={search_term_string}\"},\"query-input\":{\"@type\":\"PropertyValueSpecification\",\"valueRequired\":true,\"valueName\":\"search_term_string\"}}],\"inLanguage\":\"en-US\"},{\"@type\":\"Organization\",\"@id\":\"https:\\\/\\\/qwankido-official.com\\\/#organization\",\"name\":\"Qwan Ki Do Official\",\"url\":\"https:\\\/\\\/qwankido-official.com\\\/\",\"logo\":{\"@type\":\"ImageObject\",\"inLanguage\":\"en-US\",\"@id\":\"https:\\\/\\\/qwankido-official.com\\\/#\\\/schema\\\/logo\\\/image\\\/\",\"url\":\"https:\\\/\\\/qwankido-official.com\\\/wp-content\\\/uploads\\\/2024\\\/10\\\/cropped-Sans-titre-3-1.png\",\"contentUrl\":\"https:\\\/\\\/qwankido-official.com\\\/wp-content\\\/uploads\\\/2024\\\/10\\\/cropped-Sans-titre-3-1.png\",\"width\":100,\"height\":100,\"caption\":\"Qwan Ki Do Official\"},\"image\":{\"@id\":\"https:\\\/\\\/qwankido-official.com\\\/#\\\/schema\\\/logo\\\/image\\\/\"}}]}<\/script>\n<!-- \/ Yoast SEO plugin. -->","yoast_head_json":{"title":"L'ART MARTIAL - Qwan Ki Do Official","description":"D\u00e9couvrez le Qwankido, l'art martial cr\u00e9\u00e9 par Ma\u00eetre Pham Xuan Tong, alliant discipline, self-d\u00e9fense et d\u00e9veloppement personnel.","robots":{"index":"index","follow":"follow","max-snippet":"max-snippet:-1","max-image-preview":"max-image-preview:large","max-video-preview":"max-video-preview:-1"},"canonical":"https:\/\/qwankido-official.com\/en\/le-qwan-ki-do\/lart-martial\/","og_locale":"en_US","og_type":"article","og_title":"L'ART MARTIAL - Qwan Ki Do Official","og_description":"D\u00e9couvrez le Qwankido, l'art martial cr\u00e9\u00e9 par Ma\u00eetre Pham Xuan Tong, alliant discipline, self-d\u00e9fense et d\u00e9veloppement personnel.","og_url":"https:\/\/qwankido-official.com\/en\/le-qwan-ki-do\/lart-martial\/","og_site_name":"Qwan Ki Do Official","article_modified_time":"2024-12-13T10:12:06+00:00","og_image":[{"url":"https:\/\/qwankido-official.com\/wp-content\/uploads\/2024\/10\/photo-lart-martial-1170x780.jpg","type":"","width":"","height":""}],"twitter_card":"summary_large_image","twitter_misc":{"Est. reading time":"3 minutes"},"schema":{"@context":"https:\/\/schema.org","@graph":[{"@type":"WebPage","@id":"https:\/\/qwankido-official.com\/le-qwan-ki-do\/lart-martial\/","url":"https:\/\/qwankido-official.com\/le-qwan-ki-do\/lart-martial\/","name":"L'ART MARTIAL - Qwan Ki Do Official","isPartOf":{"@id":"https:\/\/qwankido-official.com\/#website"},"primaryImageOfPage":{"@id":"https:\/\/qwankido-official.com\/le-qwan-ki-do\/lart-martial\/#primaryimage"},"image":{"@id":"https:\/\/qwankido-official.com\/le-qwan-ki-do\/lart-martial\/#primaryimage"},"thumbnailUrl":"https:\/\/qwankido-official.com\/wp-content\/uploads\/2024\/10\/photo-lart-martial-1170x780.jpg","datePublished":"2024-10-14T18:51:07+00:00","dateModified":"2024-12-13T10:12:06+00:00","description":"D\u00e9couvrez le Qwankido, l'art martial cr\u00e9\u00e9 par Ma\u00eetre Pham Xuan Tong, alliant discipline, self-d\u00e9fense et d\u00e9veloppement personnel.","breadcrumb":{"@id":"https:\/\/qwankido-official.com\/le-qwan-ki-do\/lart-martial\/#breadcrumb"},"inLanguage":"en-US","potentialAction":[{"@type":"ReadAction","target":["https:\/\/qwankido-official.com\/le-qwan-ki-do\/lart-martial\/"]}]},{"@type":"ImageObject","inLanguage":"en-US","@id":"https:\/\/qwankido-official.com\/le-qwan-ki-do\/lart-martial\/#primaryimage","url":"https:\/\/qwankido-official.com\/wp-content\/uploads\/2024\/10\/photo-lart-martial-1170x780.jpg","contentUrl":"https:\/\/qwankido-official.com\/wp-content\/uploads\/2024\/10\/photo-lart-martial-1170x780.jpg"},{"@type":"BreadcrumbList","@id":"https:\/\/qwankido-official.com\/le-qwan-ki-do\/lart-martial\/#breadcrumb","itemListElement":[{"@type":"ListItem","position":1,"name":"Home","item":"https:\/\/qwankido-official.com\/"},{"@type":"ListItem","position":2,"name":"Le Qwan Ki Do","item":"https:\/\/qwankido-official.com\/?page_id=7143"},{"@type":"ListItem","position":3,"name":"L&rsquo;ART MARTIAL"}]},{"@type":"WebSite","@id":"https:\/\/qwankido-official.com\/#website","url":"https:\/\/qwankido-official.com\/","name":"Qwan Ki Do Official","description":"Art Martial traditionnel sino-vietnamien","publisher":{"@id":"https:\/\/qwankido-official.com\/#organization"},"potentialAction":[{"@type":"SearchAction","target":{"@type":"EntryPoint","urlTemplate":"https:\/\/qwankido-official.com\/?s={search_term_string}"},"query-input":{"@type":"PropertyValueSpecification","valueRequired":true,"valueName":"search_term_string"}}],"inLanguage":"en-US"},{"@type":"Organization","@id":"https:\/\/qwankido-official.com\/#organization","name":"Qwan Ki Do Official","url":"https:\/\/qwankido-official.com\/","logo":{"@type":"ImageObject","inLanguage":"en-US","@id":"https:\/\/qwankido-official.com\/#\/schema\/logo\/image\/","url":"https:\/\/qwankido-official.com\/wp-content\/uploads\/2024\/10\/cropped-Sans-titre-3-1.png","contentUrl":"https:\/\/qwankido-official.com\/wp-content\/uploads\/2024\/10\/cropped-Sans-titre-3-1.png","width":100,"height":100,"caption":"Qwan Ki Do Official"},"image":{"@id":"https:\/\/qwankido-official.com\/#\/schema\/logo\/image\/"}}]}},"_links":{"self":[{"href":"https:\/\/qwankido-official.com\/en\/wp-json\/wp\/v2\/pages\/7312","targetHints":{"allow":["GET"]}}],"collection":[{"href":"https:\/\/qwankido-official.com\/en\/wp-json\/wp\/v2\/pages"}],"about":[{"href":"https:\/\/qwankido-official.com\/en\/wp-json\/wp\/v2\/types\/page"}],"author":[{"embeddable":true,"href":"https:\/\/qwankido-official.com\/en\/wp-json\/wp\/v2\/users\/1"}],"replies":[{"embeddable":true,"href":"https:\/\/qwankido-official.com\/en\/wp-json\/wp\/v2\/comments?post=7312"}],"version-history":[{"count":38,"href":"https:\/\/qwankido-official.com\/en\/wp-json\/wp\/v2\/pages\/7312\/revisions"}],"predecessor-version":[{"id":9510,"href":"https:\/\/qwankido-official.com\/en\/wp-json\/wp\/v2\/pages\/7312\/revisions\/9510"}],"up":[{"embeddable":true,"href":"https:\/\/qwankido-official.com\/en\/wp-json\/wp\/v2\/pages\/7143"}],"wp:attachment":[{"href":"https:\/\/qwankido-official.com\/en\/wp-json\/wp\/v2\/media?parent=7312"}],"curies":[{"name":"wp","href":"https:\/\/api.w.org\/{rel}","templated":true}]}}