{"id":7320,"date":"2024-10-14T18:54:18","date_gmt":"2024-10-14T18:54:18","guid":{"rendered":"https:\/\/qwankido-official.com\/?page_id=7320"},"modified":"2024-11-28T18:56:50","modified_gmt":"2024-11-28T18:56:50","slug":"lecuisson","status":"publish","type":"page","link":"https:\/\/qwankido-official.com\/en\/le-qwan-ki-do\/lecuisson\/","title":{"rendered":"THE EMBLEM"},"content":{"rendered":"<div data-elementor-type=\"wp-page\" data-elementor-id=\"7320\" class=\"elementor elementor-7320\" data-elementor-post-type=\"page\">\n\t\t\t\t<div class=\"elementor-element elementor-element-a54ad75 e-flex e-con-boxed e-con e-parent\" data-id=\"a54ad75\" data-element_type=\"container\" data-e-type=\"container\" data-settings=\"{&quot;background_background&quot;:&quot;classic&quot;}\">\n\t\t\t\t\t<div class=\"e-con-inner\">\n\t\t<div class=\"elementor-element elementor-element-b67138d e-con-full e-flex e-con e-child\" data-id=\"b67138d\" data-element_type=\"container\" data-e-type=\"container\">\n\t\t<div class=\"elementor-element elementor-element-c35a1fa e-con-full e-flex elementor-invisible e-con e-child\" data-id=\"c35a1fa\" data-element_type=\"container\" data-e-type=\"container\" data-settings=\"{&quot;animation&quot;:&quot;fadeInLeft&quot;}\">\n\t\t\t\t<div class=\"elementor-element elementor-element-2285f6a elementor-widget-mobile__width-inherit elementor-widget elementor-widget-image\" data-id=\"2285f6a\" data-element_type=\"widget\" data-e-type=\"widget\" data-widget_type=\"image.default\">\n\t\t\t\t<div class=\"elementor-widget-container\">\n\t\t\t\t\t\t\t\t\t\t\t\t\t\t\t<img fetchpriority=\"high\" decoding=\"async\" width=\"963\" height=\"963\" src=\"https:\/\/qwankido-official.com\/wp-content\/uploads\/2024\/10\/ECUSSON-IQKDF-OFFICIEL.jpg\" class=\"attachment-full size-full wp-image-7430\" alt=\"\" srcset=\"https:\/\/qwankido-official.com\/wp-content\/uploads\/2024\/10\/ECUSSON-IQKDF-OFFICIEL.jpg 963w, https:\/\/qwankido-official.com\/wp-content\/uploads\/2024\/10\/ECUSSON-IQKDF-OFFICIEL-300x300.jpg 300w, https:\/\/qwankido-official.com\/wp-content\/uploads\/2024\/10\/ECUSSON-IQKDF-OFFICIEL-150x150.jpg 150w, https:\/\/qwankido-official.com\/wp-content\/uploads\/2024\/10\/ECUSSON-IQKDF-OFFICIEL-768x768.jpg 768w, https:\/\/qwankido-official.com\/wp-content\/uploads\/2024\/10\/ECUSSON-IQKDF-OFFICIEL-600x600.jpg 600w, https:\/\/qwankido-official.com\/wp-content\/uploads\/2024\/10\/ECUSSON-IQKDF-OFFICIEL-400x400.jpg 400w\" sizes=\"(max-width: 963px) 100vw, 963px\" \/>\t\t\t\t\t\t\t\t\t\t\t\t\t\t\t<\/div>\n\t\t\t\t<\/div>\n\t\t\t\t<\/div>\n\t\t<div class=\"elementor-element elementor-element-11e4cfe e-con-full e-flex elementor-invisible e-con e-child\" data-id=\"11e4cfe\" data-element_type=\"container\" data-e-type=\"container\" data-settings=\"{&quot;animation&quot;:&quot;fadeInRight&quot;}\">\n\t\t\t\t<div class=\"elementor-element elementor-element-77773a8 elementor-widget elementor-widget-heading\" data-id=\"77773a8\" data-element_type=\"widget\" data-e-type=\"widget\" data-widget_type=\"heading.default\">\n\t\t\t\t<div class=\"elementor-widget-container\">\n\t\t\t\t\t<h4 class=\"elementor-heading-title elementor-size-default\">Qwan Ki Do emblem<\/h4>\t\t\t\t<\/div>\n\t\t\t\t<\/div>\n\t\t\t\t<div class=\"elementor-element elementor-element-611fa20 elementor-widget elementor-widget-text-editor\" data-id=\"611fa20\" data-element_type=\"widget\" data-e-type=\"widget\" data-widget_type=\"text-editor.default\">\n\t\t\t\t<div class=\"elementor-widget-container\">\n\t\t\t\t\t\t\t\t\t<p class=\"p1 translation-block\">The official emblem of Qwan Ki Do is the dragon shown above. It is also the emblem of the Vietnamese people and the spirit of chivalry.\nWhatever their nationality, all Qwan Ki Do practitioners wear the same emblem at heart level on the left side of their uniform (V\u00f5 Ph\u1ee5c). This emblem is the official symbol of Qwan Ki Do and the International Qwan Ki Do Federation (the only official federation recognized by Th\u00e2y Chuong M\u00f4n PHAM Xu\u00e2n Tong).<\/p>\t\t\t\t\t\t\t\t<\/div>\n\t\t\t\t<\/div>\n\t\t\t\t<div class=\"elementor-element elementor-element-9d30a0b elementor-widget elementor-widget-text-editor\" data-id=\"9d30a0b\" data-element_type=\"widget\" data-e-type=\"widget\" data-widget_type=\"text-editor.default\">\n\t\t\t\t<div class=\"elementor-widget-container\">\n\t\t\t\t\t\t\t\t\t<p class=\"p1\">On this emblem :<\/p>\t\t\t\t\t\t\t\t<\/div>\n\t\t\t\t<\/div>\n\t\t\t\t<div class=\"elementor-element elementor-element-52a21d1 elementor-icon-list--layout-traditional elementor-list-item-link-full_width elementor-widget elementor-widget-icon-list\" data-id=\"52a21d1\" data-element_type=\"widget\" data-e-type=\"widget\" data-widget_type=\"icon-list.default\">\n\t\t\t\t<div class=\"elementor-widget-container\">\n\t\t\t\t\t\t\t<ul class=\"elementor-icon-list-items\">\n\t\t\t\t\t\t\t<li class=\"elementor-icon-list-item\">\n\t\t\t\t\t\t\t\t\t\t\t<span class=\"elementor-icon-list-icon\">\n\t\t\t\t\t\t\t<svg aria-hidden=\"true\" class=\"e-font-icon-svg e-fas-circle\" viewbox=\"0 0 512 512\" xmlns=\"http:\/\/www.w3.org\/2000\/svg\"><path d=\"M256 8C119 8 8 119 8 256s111 248 248 248 248-111 248-248S393 8 256 8z\"><\/path><\/svg>\t\t\t\t\t\t<\/span>\n\t\t\t\t\t\t\t\t\t\t<span class=\"elementor-icon-list-text\">The outer circle represents the universe, infinity and \u201cV\u00f4 Cuc\u201d<\/span>\n\t\t\t\t\t\t\t\t\t<\/li>\n\t\t\t\t\t\t\t\t<li class=\"elementor-icon-list-item\">\n\t\t\t\t\t\t\t\t\t\t\t<span class=\"elementor-icon-list-icon\">\n\t\t\t\t\t\t\t<svg aria-hidden=\"true\" class=\"e-font-icon-svg e-fas-circle\" viewbox=\"0 0 512 512\" xmlns=\"http:\/\/www.w3.org\/2000\/svg\"><path d=\"M256 8C119 8 8 119 8 256s111 248 248 248 248-111 248-248S393 8 256 8z\"><\/path><\/svg>\t\t\t\t\t\t<\/span>\n\t\t\t\t\t\t\t\t\t\t<span class=\"elementor-icon-list-text\">The dragon forms the second circle, representing the circle of life, \u201cThai Cuc\u201d.<\/span>\n\t\t\t\t\t\t\t\t\t<\/li>\n\t\t\t\t\t\t\t\t<li class=\"elementor-icon-list-item\">\n\t\t\t\t\t\t\t\t\t\t\t<span class=\"elementor-icon-list-icon\">\n\t\t\t\t\t\t\t<svg aria-hidden=\"true\" class=\"e-font-icon-svg e-fas-circle\" viewbox=\"0 0 512 512\" xmlns=\"http:\/\/www.w3.org\/2000\/svg\"><path d=\"M256 8C119 8 8 119 8 256s111 248 248 248 248-111 248-248S393 8 256 8z\"><\/path><\/svg>\t\t\t\t\t\t<\/span>\n\t\t\t\t\t\t\t\t\t\t<span class=\"elementor-icon-list-text\">The Lac Long Dragon represents the spirit of chivalry<\/span>\n\t\t\t\t\t\t\t\t\t<\/li>\n\t\t\t\t\t\t\t\t<li class=\"elementor-icon-list-item\">\n\t\t\t\t\t\t\t\t\t\t\t<span class=\"elementor-icon-list-icon\">\n\t\t\t\t\t\t\t<svg aria-hidden=\"true\" class=\"e-font-icon-svg e-fas-circle\" viewbox=\"0 0 512 512\" xmlns=\"http:\/\/www.w3.org\/2000\/svg\"><path d=\"M256 8C119 8 8 119 8 256s111 248 248 248 248-111 248-248S393 8 256 8z\"><\/path><\/svg>\t\t\t\t\t\t<\/span>\n\t\t\t\t\t\t\t\t\t\t<span class=\"elementor-icon-list-text\">The two small circles of Am and Duong: harmony between body and mind.<\/span>\n\t\t\t\t\t\t\t\t\t<\/li>\n\t\t\t\t\t\t<\/ul>\n\t\t\t\t\t\t<\/div>\n\t\t\t\t<\/div>\n\t\t\t\t<\/div>\n\t\t\t\t<\/div>\n\t\t<div class=\"elementor-element elementor-element-a415336 e-con-full e-flex e-con e-child\" data-id=\"a415336\" data-element_type=\"container\" data-e-type=\"container\" data-settings=\"{&quot;animation&quot;:&quot;none&quot;}\">\n\t\t\t\t<div class=\"elementor-element elementor-element-d21a607 elementor-widget elementor-widget-text-editor\" data-id=\"d21a607\" data-element_type=\"widget\" data-e-type=\"widget\" data-widget_type=\"text-editor.default\">\n\t\t\t\t<div class=\"elementor-widget-container\">\n\t\t\t\t\t\t\t\t\t<p class=\"p1\">If we consider that green and blue are assimilated to the same color in traditional Vietnamese painting, then the Qwan ki Do emblem is composed of five colors:<\/p>\t\t\t\t\t\t\t\t<\/div>\n\t\t\t\t<\/div>\n\t\t\t\t<div class=\"elementor-element elementor-element-e42131a elementor-icon-list--layout-traditional elementor-list-item-link-full_width elementor-widget elementor-widget-icon-list\" data-id=\"e42131a\" data-element_type=\"widget\" data-e-type=\"widget\" data-widget_type=\"icon-list.default\">\n\t\t\t\t<div class=\"elementor-widget-container\">\n\t\t\t\t\t\t\t<ul class=\"elementor-icon-list-items\">\n\t\t\t\t\t\t\t<li class=\"elementor-icon-list-item\">\n\t\t\t\t\t\t\t\t\t\t\t<span class=\"elementor-icon-list-icon\">\n\t\t\t\t\t\t\t<svg aria-hidden=\"true\" class=\"e-font-icon-svg e-fas-circle\" viewbox=\"0 0 512 512\" xmlns=\"http:\/\/www.w3.org\/2000\/svg\"><path d=\"M256 8C119 8 8 119 8 256s111 248 248 248 248-111 248-248S393 8 256 8z\"><\/path><\/svg>\t\t\t\t\t\t<\/span>\n\t\t\t\t\t\t\t\t\t\t<span class=\"elementor-icon-list-text\">White: Purity (synthesis of all colors).<\/span>\n\t\t\t\t\t\t\t\t\t<\/li>\n\t\t\t\t\t\t\t\t<li class=\"elementor-icon-list-item\">\n\t\t\t\t\t\t\t\t\t\t\t<span class=\"elementor-icon-list-icon\">\n\t\t\t\t\t\t\t<svg aria-hidden=\"true\" class=\"e-font-icon-svg e-fas-circle\" viewbox=\"0 0 512 512\" xmlns=\"http:\/\/www.w3.org\/2000\/svg\"><path d=\"M256 8C119 8 8 119 8 256s111 248 248 248 248-111 248-248S393 8 256 8z\"><\/path><\/svg>\t\t\t\t\t\t<\/span>\n\t\t\t\t\t\t\t\t\t\t<span class=\"elementor-icon-list-text\">Black: Determination, Seriousness.<\/span>\n\t\t\t\t\t\t\t\t\t<\/li>\n\t\t\t\t\t\t\t\t<li class=\"elementor-icon-list-item\">\n\t\t\t\t\t\t\t\t\t\t\t<span class=\"elementor-icon-list-icon\">\n\t\t\t\t\t\t\t<svg aria-hidden=\"true\" class=\"e-font-icon-svg e-fas-circle\" viewbox=\"0 0 512 512\" xmlns=\"http:\/\/www.w3.org\/2000\/svg\"><path d=\"M256 8C119 8 8 119 8 256s111 248 248 248 248-111 248-248S393 8 256 8z\"><\/path><\/svg>\t\t\t\t\t\t<\/span>\n\t\t\t\t\t\t\t\t\t\t<span class=\"elementor-icon-list-text\">Yellow: Lucidity, Clear-sightedness, Generosity.<\/span>\n\t\t\t\t\t\t\t\t\t<\/li>\n\t\t\t\t\t\t\t\t<li class=\"elementor-icon-list-item\">\n\t\t\t\t\t\t\t\t\t\t\t<span class=\"elementor-icon-list-icon\">\n\t\t\t\t\t\t\t<svg aria-hidden=\"true\" class=\"e-font-icon-svg e-fas-circle\" viewbox=\"0 0 512 512\" xmlns=\"http:\/\/www.w3.org\/2000\/svg\"><path d=\"M256 8C119 8 8 119 8 256s111 248 248 248 248-111 248-248S393 8 256 8z\"><\/path><\/svg>\t\t\t\t\t\t<\/span>\n\t\t\t\t\t\t\t\t\t\t<span class=\"elementor-icon-list-text\">Red: Courage, Combativeness.<\/span>\n\t\t\t\t\t\t\t\t\t<\/li>\n\t\t\t\t\t\t\t\t<li class=\"elementor-icon-list-item\">\n\t\t\t\t\t\t\t\t\t\t\t<span class=\"elementor-icon-list-icon\">\n\t\t\t\t\t\t\t<svg aria-hidden=\"true\" class=\"e-font-icon-svg e-fas-circle\" viewbox=\"0 0 512 512\" xmlns=\"http:\/\/www.w3.org\/2000\/svg\"><path d=\"M256 8C119 8 8 119 8 256s111 248 248 248 248-111 248-248S393 8 256 8z\"><\/path><\/svg>\t\t\t\t\t\t<\/span>\n\t\t\t\t\t\t\t\t\t\t<span class=\"elementor-icon-list-text\">Green or Blue: Goodness, Will, Hope.<\/span>\n\t\t\t\t\t\t\t\t\t<\/li>\n\t\t\t\t\t\t<\/ul>\n\t\t\t\t\t\t<\/div>\n\t\t\t\t<\/div>\n\t\t\t\t<\/div>\n\t\t\t\t\t<\/div>\n\t\t\t\t<\/div>\n\t\t\t\t<\/div>\n\t\t\n    <div class=\"xs_social_share_widget xs_share_url after_content \t\tmain_content  wslu-style-1 wslu-share-box-shaped wslu-fill-colored wslu-none wslu-share-horizontal wslu-theme-font-no wslu-main_content\">\n\n\t\t\n        <ul>\n\t\t\t        <\/ul>\n    <\/div>","protected":false},"excerpt":{"rendered":"<p>Embl\u00e8me du qwan ki do L\u2019embl\u00e8me officiel du Qwan Ki Do est le dragon ici pr\u00e9sent. Il est aussi l\u2019embl\u00e8me du peuple vietnamien et de l\u2019esprit chevaleresque. Quelle que soit leur nationalit\u00e9, les pratiquants de Qwan Ki Do portent tous le m\u00eame \u00e9cusson au niveau du coeur sur le c\u00f4t\u00e9 gauche de leur tenue (V\u00f5<span class=\"more-dots\">&#8230;<\/span><\/p>","protected":false},"author":1,"featured_media":0,"parent":7143,"menu_order":0,"comment_status":"closed","ping_status":"closed","template":"","meta":{"footnotes":""},"class_list":["post-7320","page","type-page","status-publish","hentry"],"yoast_head":"<!-- This site is optimized with the Yoast SEO plugin v27.4 - https:\/\/yoast.com\/product\/yoast-seo-wordpress\/ -->\n<title>L&#039;ECUSSON - Qwan Ki Do Official<\/title>\n<meta name=\"description\" content=\"Explorez l&#039;\u00e9cusson du Qwankido, un logo symbolisant les valeurs fondamentales de notre art martial : force, \u00e9quilibre et respect.\" \/>\n<meta name=\"robots\" content=\"index, follow, max-snippet:-1, max-image-preview:large, max-video-preview:-1\" \/>\n<link rel=\"canonical\" href=\"https:\/\/qwankido-official.com\/en\/le-qwan-ki-do\/lecuisson\/\" \/>\n<meta property=\"og:locale\" content=\"en_US\" \/>\n<meta property=\"og:type\" content=\"article\" \/>\n<meta property=\"og:title\" content=\"L&#039;ECUSSON - Qwan Ki Do Official\" \/>\n<meta property=\"og:description\" content=\"Explorez l&#039;\u00e9cusson du Qwankido, un logo symbolisant les valeurs fondamentales de notre art martial : force, \u00e9quilibre et respect.\" \/>\n<meta property=\"og:url\" content=\"https:\/\/qwankido-official.com\/en\/le-qwan-ki-do\/lecuisson\/\" \/>\n<meta property=\"og:site_name\" content=\"Qwan Ki Do Official\" \/>\n<meta property=\"article:modified_time\" content=\"2024-11-28T18:56:50+00:00\" \/>\n<meta property=\"og:image\" content=\"https:\/\/qwankido-official.com\/wp-content\/uploads\/2024\/10\/ECUSSON-IQKDF-OFFICIEL.jpg\" \/>\n<meta name=\"twitter:card\" content=\"summary_large_image\" \/>\n<meta name=\"twitter:label1\" content=\"Est. reading time\" \/>\n\t<meta name=\"twitter:data1\" content=\"2 minutes\" \/>\n<script type=\"application\/ld+json\" class=\"yoast-schema-graph\">{\"@context\":\"https:\\\/\\\/schema.org\",\"@graph\":[{\"@type\":\"WebPage\",\"@id\":\"https:\\\/\\\/qwankido-official.com\\\/le-qwan-ki-do\\\/lecuisson\\\/\",\"url\":\"https:\\\/\\\/qwankido-official.com\\\/le-qwan-ki-do\\\/lecuisson\\\/\",\"name\":\"L'ECUSSON - Qwan Ki Do Official\",\"isPartOf\":{\"@id\":\"https:\\\/\\\/qwankido-official.com\\\/#website\"},\"primaryImageOfPage\":{\"@id\":\"https:\\\/\\\/qwankido-official.com\\\/le-qwan-ki-do\\\/lecuisson\\\/#primaryimage\"},\"image\":{\"@id\":\"https:\\\/\\\/qwankido-official.com\\\/le-qwan-ki-do\\\/lecuisson\\\/#primaryimage\"},\"thumbnailUrl\":\"https:\\\/\\\/qwankido-official.com\\\/wp-content\\\/uploads\\\/2024\\\/10\\\/ECUSSON-IQKDF-OFFICIEL.jpg\",\"datePublished\":\"2024-10-14T18:54:18+00:00\",\"dateModified\":\"2024-11-28T18:56:50+00:00\",\"description\":\"Explorez l'\u00e9cusson du Qwankido, un logo symbolisant les valeurs fondamentales de notre art martial : force, \u00e9quilibre et respect.\",\"breadcrumb\":{\"@id\":\"https:\\\/\\\/qwankido-official.com\\\/le-qwan-ki-do\\\/lecuisson\\\/#breadcrumb\"},\"inLanguage\":\"en-US\",\"potentialAction\":[{\"@type\":\"ReadAction\",\"target\":[\"https:\\\/\\\/qwankido-official.com\\\/le-qwan-ki-do\\\/lecuisson\\\/\"]}]},{\"@type\":\"ImageObject\",\"inLanguage\":\"en-US\",\"@id\":\"https:\\\/\\\/qwankido-official.com\\\/le-qwan-ki-do\\\/lecuisson\\\/#primaryimage\",\"url\":\"https:\\\/\\\/qwankido-official.com\\\/wp-content\\\/uploads\\\/2024\\\/10\\\/ECUSSON-IQKDF-OFFICIEL.jpg\",\"contentUrl\":\"https:\\\/\\\/qwankido-official.com\\\/wp-content\\\/uploads\\\/2024\\\/10\\\/ECUSSON-IQKDF-OFFICIEL.jpg\"},{\"@type\":\"BreadcrumbList\",\"@id\":\"https:\\\/\\\/qwankido-official.com\\\/le-qwan-ki-do\\\/lecuisson\\\/#breadcrumb\",\"itemListElement\":[{\"@type\":\"ListItem\",\"position\":1,\"name\":\"Home\",\"item\":\"https:\\\/\\\/qwankido-official.com\\\/\"},{\"@type\":\"ListItem\",\"position\":2,\"name\":\"Le Qwan Ki Do\",\"item\":\"https:\\\/\\\/qwankido-official.com\\\/?page_id=7143\"},{\"@type\":\"ListItem\",\"position\":3,\"name\":\"L&rsquo;ECUSSON\"}]},{\"@type\":\"WebSite\",\"@id\":\"https:\\\/\\\/qwankido-official.com\\\/#website\",\"url\":\"https:\\\/\\\/qwankido-official.com\\\/\",\"name\":\"Qwan Ki Do Official\",\"description\":\"Art Martial traditionnel sino-vietnamien\",\"publisher\":{\"@id\":\"https:\\\/\\\/qwankido-official.com\\\/#organization\"},\"potentialAction\":[{\"@type\":\"SearchAction\",\"target\":{\"@type\":\"EntryPoint\",\"urlTemplate\":\"https:\\\/\\\/qwankido-official.com\\\/?s={search_term_string}\"},\"query-input\":{\"@type\":\"PropertyValueSpecification\",\"valueRequired\":true,\"valueName\":\"search_term_string\"}}],\"inLanguage\":\"en-US\"},{\"@type\":\"Organization\",\"@id\":\"https:\\\/\\\/qwankido-official.com\\\/#organization\",\"name\":\"Qwan Ki Do Official\",\"url\":\"https:\\\/\\\/qwankido-official.com\\\/\",\"logo\":{\"@type\":\"ImageObject\",\"inLanguage\":\"en-US\",\"@id\":\"https:\\\/\\\/qwankido-official.com\\\/#\\\/schema\\\/logo\\\/image\\\/\",\"url\":\"https:\\\/\\\/qwankido-official.com\\\/wp-content\\\/uploads\\\/2024\\\/10\\\/cropped-Sans-titre-3-1.png\",\"contentUrl\":\"https:\\\/\\\/qwankido-official.com\\\/wp-content\\\/uploads\\\/2024\\\/10\\\/cropped-Sans-titre-3-1.png\",\"width\":100,\"height\":100,\"caption\":\"Qwan Ki Do Official\"},\"image\":{\"@id\":\"https:\\\/\\\/qwankido-official.com\\\/#\\\/schema\\\/logo\\\/image\\\/\"}}]}<\/script>\n<!-- \/ Yoast SEO plugin. -->","yoast_head_json":{"title":"L'ECUSSON - Qwan Ki Do Official","description":"Explorez l'\u00e9cusson du Qwankido, un logo symbolisant les valeurs fondamentales de notre art martial : force, \u00e9quilibre et respect.","robots":{"index":"index","follow":"follow","max-snippet":"max-snippet:-1","max-image-preview":"max-image-preview:large","max-video-preview":"max-video-preview:-1"},"canonical":"https:\/\/qwankido-official.com\/en\/le-qwan-ki-do\/lecuisson\/","og_locale":"en_US","og_type":"article","og_title":"L'ECUSSON - Qwan Ki Do Official","og_description":"Explorez l'\u00e9cusson du Qwankido, un logo symbolisant les valeurs fondamentales de notre art martial : force, \u00e9quilibre et respect.","og_url":"https:\/\/qwankido-official.com\/en\/le-qwan-ki-do\/lecuisson\/","og_site_name":"Qwan Ki Do Official","article_modified_time":"2024-11-28T18:56:50+00:00","og_image":[{"url":"https:\/\/qwankido-official.com\/wp-content\/uploads\/2024\/10\/ECUSSON-IQKDF-OFFICIEL.jpg","type":"","width":"","height":""}],"twitter_card":"summary_large_image","twitter_misc":{"Est. reading time":"2 minutes"},"schema":{"@context":"https:\/\/schema.org","@graph":[{"@type":"WebPage","@id":"https:\/\/qwankido-official.com\/le-qwan-ki-do\/lecuisson\/","url":"https:\/\/qwankido-official.com\/le-qwan-ki-do\/lecuisson\/","name":"L'ECUSSON - Qwan Ki Do Official","isPartOf":{"@id":"https:\/\/qwankido-official.com\/#website"},"primaryImageOfPage":{"@id":"https:\/\/qwankido-official.com\/le-qwan-ki-do\/lecuisson\/#primaryimage"},"image":{"@id":"https:\/\/qwankido-official.com\/le-qwan-ki-do\/lecuisson\/#primaryimage"},"thumbnailUrl":"https:\/\/qwankido-official.com\/wp-content\/uploads\/2024\/10\/ECUSSON-IQKDF-OFFICIEL.jpg","datePublished":"2024-10-14T18:54:18+00:00","dateModified":"2024-11-28T18:56:50+00:00","description":"Explorez l'\u00e9cusson du Qwankido, un logo symbolisant les valeurs fondamentales de notre art martial : force, \u00e9quilibre et respect.","breadcrumb":{"@id":"https:\/\/qwankido-official.com\/le-qwan-ki-do\/lecuisson\/#breadcrumb"},"inLanguage":"en-US","potentialAction":[{"@type":"ReadAction","target":["https:\/\/qwankido-official.com\/le-qwan-ki-do\/lecuisson\/"]}]},{"@type":"ImageObject","inLanguage":"en-US","@id":"https:\/\/qwankido-official.com\/le-qwan-ki-do\/lecuisson\/#primaryimage","url":"https:\/\/qwankido-official.com\/wp-content\/uploads\/2024\/10\/ECUSSON-IQKDF-OFFICIEL.jpg","contentUrl":"https:\/\/qwankido-official.com\/wp-content\/uploads\/2024\/10\/ECUSSON-IQKDF-OFFICIEL.jpg"},{"@type":"BreadcrumbList","@id":"https:\/\/qwankido-official.com\/le-qwan-ki-do\/lecuisson\/#breadcrumb","itemListElement":[{"@type":"ListItem","position":1,"name":"Home","item":"https:\/\/qwankido-official.com\/"},{"@type":"ListItem","position":2,"name":"Le Qwan Ki Do","item":"https:\/\/qwankido-official.com\/?page_id=7143"},{"@type":"ListItem","position":3,"name":"L&rsquo;ECUSSON"}]},{"@type":"WebSite","@id":"https:\/\/qwankido-official.com\/#website","url":"https:\/\/qwankido-official.com\/","name":"Qwan Ki Do Official","description":"Art Martial traditionnel sino-vietnamien","publisher":{"@id":"https:\/\/qwankido-official.com\/#organization"},"potentialAction":[{"@type":"SearchAction","target":{"@type":"EntryPoint","urlTemplate":"https:\/\/qwankido-official.com\/?s={search_term_string}"},"query-input":{"@type":"PropertyValueSpecification","valueRequired":true,"valueName":"search_term_string"}}],"inLanguage":"en-US"},{"@type":"Organization","@id":"https:\/\/qwankido-official.com\/#organization","name":"Qwan Ki Do Official","url":"https:\/\/qwankido-official.com\/","logo":{"@type":"ImageObject","inLanguage":"en-US","@id":"https:\/\/qwankido-official.com\/#\/schema\/logo\/image\/","url":"https:\/\/qwankido-official.com\/wp-content\/uploads\/2024\/10\/cropped-Sans-titre-3-1.png","contentUrl":"https:\/\/qwankido-official.com\/wp-content\/uploads\/2024\/10\/cropped-Sans-titre-3-1.png","width":100,"height":100,"caption":"Qwan Ki Do Official"},"image":{"@id":"https:\/\/qwankido-official.com\/#\/schema\/logo\/image\/"}}]}},"_links":{"self":[{"href":"https:\/\/qwankido-official.com\/en\/wp-json\/wp\/v2\/pages\/7320","targetHints":{"allow":["GET"]}}],"collection":[{"href":"https:\/\/qwankido-official.com\/en\/wp-json\/wp\/v2\/pages"}],"about":[{"href":"https:\/\/qwankido-official.com\/en\/wp-json\/wp\/v2\/types\/page"}],"author":[{"embeddable":true,"href":"https:\/\/qwankido-official.com\/en\/wp-json\/wp\/v2\/users\/1"}],"replies":[{"embeddable":true,"href":"https:\/\/qwankido-official.com\/en\/wp-json\/wp\/v2\/comments?post=7320"}],"version-history":[{"count":32,"href":"https:\/\/qwankido-official.com\/en\/wp-json\/wp\/v2\/pages\/7320\/revisions"}],"predecessor-version":[{"id":9380,"href":"https:\/\/qwankido-official.com\/en\/wp-json\/wp\/v2\/pages\/7320\/revisions\/9380"}],"up":[{"embeddable":true,"href":"https:\/\/qwankido-official.com\/en\/wp-json\/wp\/v2\/pages\/7143"}],"wp:attachment":[{"href":"https:\/\/qwankido-official.com\/en\/wp-json\/wp\/v2\/media?parent=7320"}],"curies":[{"name":"wp","href":"https:\/\/api.w.org\/{rel}","templated":true}]}}