{"id":7857,"date":"2024-11-04T08:48:12","date_gmt":"2024-11-04T08:48:12","guid":{"rendered":"https:\/\/qwankido-official.com\/?page_id=7857"},"modified":"2024-11-29T12:26:59","modified_gmt":"2024-11-29T12:26:59","slug":"stages-internationaux","status":"publish","type":"page","link":"https:\/\/qwankido-official.com\/en\/iqkdf\/stages-internationaux\/","title":{"rendered":"INTERNATIONAL SEMINARS"},"content":{"rendered":"<div data-elementor-type=\"wp-page\" data-elementor-id=\"7857\" class=\"elementor elementor-7857\" data-elementor-post-type=\"page\">\n\t\t\t\t<div class=\"elementor-element elementor-element-acda4c3 e-flex e-con-boxed e-con e-parent\" data-id=\"acda4c3\" data-element_type=\"container\" data-e-type=\"container\" data-settings=\"{&quot;background_background&quot;:&quot;classic&quot;}\">\n\t\t\t\t\t<div class=\"e-con-inner\">\n\t\t<div class=\"elementor-element elementor-element-c2a117f e-con-full e-flex e-con e-child\" data-id=\"c2a117f\" data-element_type=\"container\" data-e-type=\"container\">\n\t\t<div class=\"elementor-element elementor-element-7f10aa2 e-con-full e-flex elementor-invisible e-con e-child\" data-id=\"7f10aa2\" data-element_type=\"container\" data-e-type=\"container\" data-settings=\"{&quot;animation&quot;:&quot;fadeInLeft&quot;}\">\n\t\t\t\t<div class=\"elementor-element elementor-element-109b595 elementor-widget elementor-widget-image\" data-id=\"109b595\" data-element_type=\"widget\" data-e-type=\"widget\" data-widget_type=\"image.default\">\n\t\t\t\t<div class=\"elementor-widget-container\">\n\t\t\t\t\t\t\t\t\t\t\t\t\t\t\t<img fetchpriority=\"high\" decoding=\"async\" width=\"568\" height=\"543\" src=\"https:\/\/qwankido-official.com\/wp-content\/uploads\/2024\/11\/b6563e98-f392-4496-a9b6-e8dff161330b-1.jpg\" class=\"attachment-full size-full wp-image-7870\" alt=\"\" srcset=\"https:\/\/qwankido-official.com\/wp-content\/uploads\/2024\/11\/b6563e98-f392-4496-a9b6-e8dff161330b-1.jpg 568w, https:\/\/qwankido-official.com\/wp-content\/uploads\/2024\/11\/b6563e98-f392-4496-a9b6-e8dff161330b-1-300x287.jpg 300w, https:\/\/qwankido-official.com\/wp-content\/uploads\/2024\/11\/b6563e98-f392-4496-a9b6-e8dff161330b-1-400x382.jpg 400w\" sizes=\"(max-width: 568px) 100vw, 568px\" \/>\t\t\t\t\t\t\t\t\t\t\t\t\t\t\t<\/div>\n\t\t\t\t<\/div>\n\t\t\t\t<\/div>\n\t\t<div class=\"elementor-element elementor-element-de90bd6 e-con-full e-flex elementor-invisible e-con e-child\" data-id=\"de90bd6\" data-element_type=\"container\" data-e-type=\"container\" data-settings=\"{&quot;animation&quot;:&quot;fadeInRight&quot;}\">\n\t\t\t\t<div class=\"elementor-element elementor-element-106455b elementor-widget elementor-widget-heading\" data-id=\"106455b\" data-element_type=\"widget\" data-e-type=\"widget\" data-widget_type=\"heading.default\">\n\t\t\t\t<div class=\"elementor-widget-container\">\n\t\t\t\t\t<h4 class=\"elementor-heading-title elementor-size-default\">Seminars <\/h4>\t\t\t\t<\/div>\n\t\t\t\t<\/div>\n\t\t\t\t<div class=\"elementor-element elementor-element-e545425 elementor-widget elementor-widget-text-editor\" data-id=\"e545425\" data-element_type=\"widget\" data-e-type=\"widget\" data-widget_type=\"text-editor.default\">\n\t\t\t\t<div class=\"elementor-widget-container\">\n\t\t\t\t\t\t\t\t\t<p class=\"p1\">Several times a year, Qwan Ki Do students gather at international seminars organized by the International Qwan Ki Do Federation, for each nation, and led by the Master Founder of Qwan Ki Do, Th\u00e0y Chuong M\u00f4n PHAM Xu\u00e2n Tong.<\/p><p class=\"p1\">These courses are open to all Qwan Ki Do students affiliated to the IQKDF. Specific courses (for children, juniors, black belts, etc.) enable participants to work at different levels and facilitate assimilation of the techniques presented.<\/p><p class=\"p1\">In addition, management training courses are offered to teachers, enabling them to deepen their knowledge of the teaching program, perfect their personal technique and improve their pedagogical skills.<\/p>\t\t\t\t\t\t\t\t<\/div>\n\t\t\t\t<\/div>\n\t\t\t\t<\/div>\n\t\t\t\t<\/div>\n\t\t<div class=\"elementor-element elementor-element-9a848ed e-con-full e-flex e-con e-child\" data-id=\"9a848ed\" data-element_type=\"container\" data-e-type=\"container\" data-settings=\"{&quot;animation&quot;:&quot;none&quot;}\">\n\t\t\t\t<div class=\"elementor-element elementor-element-ce741f6 elementor-widget elementor-widget-text-editor\" data-id=\"ce741f6\" data-element_type=\"widget\" data-e-type=\"widget\" data-widget_type=\"text-editor.default\">\n\t\t\t\t<div class=\"elementor-widget-container\">\n\t\t\t\t\t\t\t\t\t<p class=\"p1\">The Winter and Summer International Stages take place every year at the birthplace of Qwan Ki Do in Toulon, France.<\/p><p class=\"p1\">They represent two important events not to be missed. What's more, they provide an excellent opportunity to combine business with pleasure. In a warm atmosphere, but also in the purest spirit of the martial art, everyone can add to their knowledge and enjoy a weekend (for the Winter Seminar) or a week (for the Summer Seminar) of encounters, friendly exchanges between countries and leisure activities.<\/p><p class=\"p1\">The Summer Seminar is a special event, closing in the traditional way with a dawn training session on Toulon beach, led by Th\u00e0y Chuong M\u00f4n PHAM Xu\u00e2n Tong. A unique opportunity for our Vo Sinh to practice Qwan Ki Do in fun and special conditions. Training always ends with the traditional \u201csand baptism\u201d, sometimes followed by a traditional ceremony for the ancestors. It's an opportunity to share truly rich and authentic moments with practitioners from all over the world.<\/p><p class=\"p1\">The Winter and Summer International Training Courses are unique and privileged opportunities for our Vo Sinh to come and practice directly at the source of Qwan Ki Do, with Th\u00e0y Chuong M\u00f4n PHAM Xu\u00e2n Tong.<\/p>\t\t\t\t\t\t\t\t<\/div>\n\t\t\t\t<\/div>\n\t\t\t\t<\/div>\n\t\t\t\t\t<\/div>\n\t\t\t\t<\/div>\n\t\t<div class=\"elementor-element elementor-element-5fd1424 e-flex e-con-boxed e-con e-parent\" data-id=\"5fd1424\" data-element_type=\"container\" data-e-type=\"container\">\n\t\t\t\t\t<div class=\"e-con-inner\">\n\t\t\t\t<div class=\"elementor-element elementor-element-328cf90 elementor-widget elementor-widget-mwt-gallery-carousel\" data-id=\"328cf90\" data-element_type=\"widget\" data-e-type=\"widget\" data-settings=\"{&quot;items_layout&quot;:&quot;item-image&quot;,&quot;data_responsive_lg&quot;:2,&quot;data_responsive_md&quot;:2,&quot;data_margin&quot;:20,&quot;data_loop&quot;:&quot;yes&quot;,&quot;data_rtl&quot;:&quot;no&quot;,&quot;data_autoplaytimeout&quot;:5000,&quot;data_autoplay_hover_pause&quot;:&quot;yes&quot;,&quot;data_center&quot;:&quot;no&quot;,&quot;data_responsive_sm&quot;:2,&quot;data_responsive_xs&quot;:1,&quot;data_nav_dots&quot;:&quot;yes&quot;}\" data-widget_type=\"mwt-gallery-carousel.default\">\n\t\t\t\t<div class=\"elementor-widget-container\">\n\t\t\t\t\t\n\t\t<div class=\"mwt-gallery-carousel-container\">\n\t\t\t\t\t\t<div class=\"owl-carousel mwt-gallery-carousel layout-item-image dots-default\" data-number=\"69e3266c20948\" data-rtl=\"false\" data-loop=\"true\" data-autoplay=\"false\" data-autoplaytimeout=\"5000\" data-autoplayhoverpause=\"true\" data-center=\"false\" data-nav=\"false\" data-dots=\"true\" data-margin=\"20\" data-responsive-lg=\"2\" data-responsive-md=\"2\" data-responsive-sm=\"2\" data-responsive-xs=\"1\" data-filters=\".carousel_filters-69e3266c20948\">\n\t\t\t\t\t\t\t\t\t\t\t<div class=\"owl-carousel-item\">\n\t\t\t\t\t\t\t\t<div class=\"mwt-gallery-carousel-image-wrap\">\n\t\t\t\t\t\t\t\t\t<img decoding=\"async\" src=\"https:\/\/qwankido-official.com\/wp-content\/uploads\/2024\/11\/b6563e98-f392-4496-a9b6-e8dff161330b-600x407.jpg\" alt=\"Title 1\" \/>\t\t\t\t\t\t\t\t<\/div>\n\t\t\t\t\t\t\t<\/div>\n\t\t\t\t\t\t\t\t\t\t\t<div class=\"owl-carousel-item category-2\">\n\t\t\t\t\t\t\t\t<div class=\"mwt-gallery-carousel-image-wrap\">\n\t\t\t\t\t\t\t\t\t<img decoding=\"async\" src=\"https:\/\/qwankido-official.com\/wp-content\/uploads\/2024\/11\/kcnds-600x407.jpg\" alt=\"Title 2\" \/>\t\t\t\t\t\t\t\t<\/div>\n\t\t\t\t\t\t\t<\/div>\n\t\t\t\t\t\t\t<\/div><!-- .owl-carousel -->\n\t\t\t<div class=\"owl-nav position- mwt-gallery-carousel-nav-69e3266c20948\">\n\t\t\t\t\t\t\t\t<span class=\"mwt-gallery-carousel-prev-69e3266c20948\">\n\t\t\t\t\t\t\t\t\t<\/span>\n\t\t\t\t<span class=\"mwt-gallery-carousel-next-69e3266c20948\">\n\t\t\t\t\t\t\t\t\t<\/span>\n\t\t\t<\/div>\n\t\t<\/div>\n\t\t\t\t<\/div>\n\t\t\t\t<\/div>\n\t\t\t\t\t<\/div>\n\t\t\t\t<\/div>\n\t\t\t\t<\/div>\n\t\t\n    <div class=\"xs_social_share_widget xs_share_url after_content \t\tmain_content  wslu-style-1 wslu-share-box-shaped wslu-fill-colored wslu-none wslu-share-horizontal wslu-theme-font-no wslu-main_content\">\n\n\t\t\n        <ul>\n\t\t\t        <\/ul>\n    <\/div>","protected":false},"excerpt":{"rendered":"<p>les stages Plusieurs fois par an, les pratiquants de Qwan Ki\u00a0Do sont r\u00e9unis \u00e0 l\u2019occasion de stages internationaux organis\u00e9s \u00e9galement par l&rsquo; International Qwan Ki\u00a0Do Federation, pour chaque nation, et sont assur\u00e9s par le Ma\u00eetre Fondateur du Qwan Ki\u00a0Do, Th\u00e0y Chuong M\u00f4n PHAM Xu\u00e2n Tong. Ces stages sont ouverts \u00e0 tous les pratiquants de Qwan<span class=\"more-dots\">&#8230;<\/span><\/p>","protected":false},"author":1,"featured_media":0,"parent":7141,"menu_order":0,"comment_status":"closed","ping_status":"closed","template":"","meta":{"footnotes":""},"class_list":["post-7857","page","type-page","status-publish","hentry"],"yoast_head":"<!-- This site is optimized with the Yoast SEO plugin v27.4 - https:\/\/yoast.com\/product\/yoast-seo-wordpress\/ -->\n<title>STAGES INTERNATIONAUX - Qwan Ki Do Official<\/title>\n<meta name=\"description\" content=\"D\u00e9couvrez les stages internationaux dirig\u00e9s par le ma\u00eetre Pham Xuan Tong, pour approfondir votre pratique et d\u00e9couvrir de nouvelles techniques\" \/>\n<meta name=\"robots\" content=\"index, follow, max-snippet:-1, max-image-preview:large, max-video-preview:-1\" \/>\n<link rel=\"canonical\" href=\"https:\/\/qwankido-official.com\/en\/iqkdf\/stages-internationaux\/\" \/>\n<meta property=\"og:locale\" content=\"en_US\" \/>\n<meta property=\"og:type\" content=\"article\" \/>\n<meta property=\"og:title\" content=\"STAGES INTERNATIONAUX - Qwan Ki Do Official\" \/>\n<meta property=\"og:description\" content=\"D\u00e9couvrez les stages internationaux dirig\u00e9s par le ma\u00eetre Pham Xuan Tong, pour approfondir votre pratique et d\u00e9couvrir de nouvelles techniques\" \/>\n<meta property=\"og:url\" content=\"https:\/\/qwankido-official.com\/en\/iqkdf\/stages-internationaux\/\" \/>\n<meta property=\"og:site_name\" content=\"Qwan Ki Do Official\" \/>\n<meta property=\"article:modified_time\" content=\"2024-11-29T12:26:59+00:00\" \/>\n<meta property=\"og:image\" content=\"https:\/\/qwankido-official.com\/wp-content\/uploads\/2024\/11\/b6563e98-f392-4496-a9b6-e8dff161330b-1.jpg\" \/>\n<meta name=\"twitter:card\" content=\"summary_large_image\" \/>\n<meta name=\"twitter:label1\" content=\"Est. reading time\" \/>\n\t<meta name=\"twitter:data1\" content=\"3 minutes\" \/>\n<script type=\"application\/ld+json\" class=\"yoast-schema-graph\">{\"@context\":\"https:\\\/\\\/schema.org\",\"@graph\":[{\"@type\":\"WebPage\",\"@id\":\"https:\\\/\\\/qwankido-official.com\\\/iqkdf\\\/stages-internationaux\\\/\",\"url\":\"https:\\\/\\\/qwankido-official.com\\\/iqkdf\\\/stages-internationaux\\\/\",\"name\":\"STAGES INTERNATIONAUX - Qwan Ki Do Official\",\"isPartOf\":{\"@id\":\"https:\\\/\\\/qwankido-official.com\\\/#website\"},\"primaryImageOfPage\":{\"@id\":\"https:\\\/\\\/qwankido-official.com\\\/iqkdf\\\/stages-internationaux\\\/#primaryimage\"},\"image\":{\"@id\":\"https:\\\/\\\/qwankido-official.com\\\/iqkdf\\\/stages-internationaux\\\/#primaryimage\"},\"thumbnailUrl\":\"https:\\\/\\\/qwankido-official.com\\\/wp-content\\\/uploads\\\/2024\\\/11\\\/b6563e98-f392-4496-a9b6-e8dff161330b-1.jpg\",\"datePublished\":\"2024-11-04T08:48:12+00:00\",\"dateModified\":\"2024-11-29T12:26:59+00:00\",\"description\":\"D\u00e9couvrez les stages internationaux dirig\u00e9s par le ma\u00eetre Pham Xuan Tong, pour approfondir votre pratique et d\u00e9couvrir de nouvelles techniques\",\"breadcrumb\":{\"@id\":\"https:\\\/\\\/qwankido-official.com\\\/iqkdf\\\/stages-internationaux\\\/#breadcrumb\"},\"inLanguage\":\"en-US\",\"potentialAction\":[{\"@type\":\"ReadAction\",\"target\":[\"https:\\\/\\\/qwankido-official.com\\\/iqkdf\\\/stages-internationaux\\\/\"]}]},{\"@type\":\"ImageObject\",\"inLanguage\":\"en-US\",\"@id\":\"https:\\\/\\\/qwankido-official.com\\\/iqkdf\\\/stages-internationaux\\\/#primaryimage\",\"url\":\"https:\\\/\\\/qwankido-official.com\\\/wp-content\\\/uploads\\\/2024\\\/11\\\/b6563e98-f392-4496-a9b6-e8dff161330b-1.jpg\",\"contentUrl\":\"https:\\\/\\\/qwankido-official.com\\\/wp-content\\\/uploads\\\/2024\\\/11\\\/b6563e98-f392-4496-a9b6-e8dff161330b-1.jpg\"},{\"@type\":\"BreadcrumbList\",\"@id\":\"https:\\\/\\\/qwankido-official.com\\\/iqkdf\\\/stages-internationaux\\\/#breadcrumb\",\"itemListElement\":[{\"@type\":\"ListItem\",\"position\":1,\"name\":\"Home\",\"item\":\"https:\\\/\\\/qwankido-official.com\\\/\"},{\"@type\":\"ListItem\",\"position\":2,\"name\":\"IQKDF\",\"item\":\"https:\\\/\\\/qwankido-official.com\\\/?page_id=7141\"},{\"@type\":\"ListItem\",\"position\":3,\"name\":\"STAGES INTERNATIONAUX\"}]},{\"@type\":\"WebSite\",\"@id\":\"https:\\\/\\\/qwankido-official.com\\\/#website\",\"url\":\"https:\\\/\\\/qwankido-official.com\\\/\",\"name\":\"Qwan Ki Do Official\",\"description\":\"Art Martial traditionnel sino-vietnamien\",\"publisher\":{\"@id\":\"https:\\\/\\\/qwankido-official.com\\\/#organization\"},\"potentialAction\":[{\"@type\":\"SearchAction\",\"target\":{\"@type\":\"EntryPoint\",\"urlTemplate\":\"https:\\\/\\\/qwankido-official.com\\\/?s={search_term_string}\"},\"query-input\":{\"@type\":\"PropertyValueSpecification\",\"valueRequired\":true,\"valueName\":\"search_term_string\"}}],\"inLanguage\":\"en-US\"},{\"@type\":\"Organization\",\"@id\":\"https:\\\/\\\/qwankido-official.com\\\/#organization\",\"name\":\"Qwan Ki Do Official\",\"url\":\"https:\\\/\\\/qwankido-official.com\\\/\",\"logo\":{\"@type\":\"ImageObject\",\"inLanguage\":\"en-US\",\"@id\":\"https:\\\/\\\/qwankido-official.com\\\/#\\\/schema\\\/logo\\\/image\\\/\",\"url\":\"https:\\\/\\\/qwankido-official.com\\\/wp-content\\\/uploads\\\/2024\\\/10\\\/cropped-Sans-titre-3-1.png\",\"contentUrl\":\"https:\\\/\\\/qwankido-official.com\\\/wp-content\\\/uploads\\\/2024\\\/10\\\/cropped-Sans-titre-3-1.png\",\"width\":100,\"height\":100,\"caption\":\"Qwan Ki Do Official\"},\"image\":{\"@id\":\"https:\\\/\\\/qwankido-official.com\\\/#\\\/schema\\\/logo\\\/image\\\/\"}}]}<\/script>\n<!-- \/ Yoast SEO plugin. -->","yoast_head_json":{"title":"STAGES INTERNATIONAUX - Qwan Ki Do Official","description":"D\u00e9couvrez les stages internationaux dirig\u00e9s par le ma\u00eetre Pham Xuan Tong, pour approfondir votre pratique et d\u00e9couvrir de nouvelles techniques","robots":{"index":"index","follow":"follow","max-snippet":"max-snippet:-1","max-image-preview":"max-image-preview:large","max-video-preview":"max-video-preview:-1"},"canonical":"https:\/\/qwankido-official.com\/en\/iqkdf\/stages-internationaux\/","og_locale":"en_US","og_type":"article","og_title":"STAGES INTERNATIONAUX - Qwan Ki Do Official","og_description":"D\u00e9couvrez les stages internationaux dirig\u00e9s par le ma\u00eetre Pham Xuan Tong, pour approfondir votre pratique et d\u00e9couvrir de nouvelles techniques","og_url":"https:\/\/qwankido-official.com\/en\/iqkdf\/stages-internationaux\/","og_site_name":"Qwan Ki Do Official","article_modified_time":"2024-11-29T12:26:59+00:00","og_image":[{"url":"https:\/\/qwankido-official.com\/wp-content\/uploads\/2024\/11\/b6563e98-f392-4496-a9b6-e8dff161330b-1.jpg","type":"","width":"","height":""}],"twitter_card":"summary_large_image","twitter_misc":{"Est. reading time":"3 minutes"},"schema":{"@context":"https:\/\/schema.org","@graph":[{"@type":"WebPage","@id":"https:\/\/qwankido-official.com\/iqkdf\/stages-internationaux\/","url":"https:\/\/qwankido-official.com\/iqkdf\/stages-internationaux\/","name":"STAGES INTERNATIONAUX - Qwan Ki Do Official","isPartOf":{"@id":"https:\/\/qwankido-official.com\/#website"},"primaryImageOfPage":{"@id":"https:\/\/qwankido-official.com\/iqkdf\/stages-internationaux\/#primaryimage"},"image":{"@id":"https:\/\/qwankido-official.com\/iqkdf\/stages-internationaux\/#primaryimage"},"thumbnailUrl":"https:\/\/qwankido-official.com\/wp-content\/uploads\/2024\/11\/b6563e98-f392-4496-a9b6-e8dff161330b-1.jpg","datePublished":"2024-11-04T08:48:12+00:00","dateModified":"2024-11-29T12:26:59+00:00","description":"D\u00e9couvrez les stages internationaux dirig\u00e9s par le ma\u00eetre Pham Xuan Tong, pour approfondir votre pratique et d\u00e9couvrir de nouvelles techniques","breadcrumb":{"@id":"https:\/\/qwankido-official.com\/iqkdf\/stages-internationaux\/#breadcrumb"},"inLanguage":"en-US","potentialAction":[{"@type":"ReadAction","target":["https:\/\/qwankido-official.com\/iqkdf\/stages-internationaux\/"]}]},{"@type":"ImageObject","inLanguage":"en-US","@id":"https:\/\/qwankido-official.com\/iqkdf\/stages-internationaux\/#primaryimage","url":"https:\/\/qwankido-official.com\/wp-content\/uploads\/2024\/11\/b6563e98-f392-4496-a9b6-e8dff161330b-1.jpg","contentUrl":"https:\/\/qwankido-official.com\/wp-content\/uploads\/2024\/11\/b6563e98-f392-4496-a9b6-e8dff161330b-1.jpg"},{"@type":"BreadcrumbList","@id":"https:\/\/qwankido-official.com\/iqkdf\/stages-internationaux\/#breadcrumb","itemListElement":[{"@type":"ListItem","position":1,"name":"Home","item":"https:\/\/qwankido-official.com\/"},{"@type":"ListItem","position":2,"name":"IQKDF","item":"https:\/\/qwankido-official.com\/?page_id=7141"},{"@type":"ListItem","position":3,"name":"STAGES INTERNATIONAUX"}]},{"@type":"WebSite","@id":"https:\/\/qwankido-official.com\/#website","url":"https:\/\/qwankido-official.com\/","name":"Qwan Ki Do Official","description":"Art Martial traditionnel sino-vietnamien","publisher":{"@id":"https:\/\/qwankido-official.com\/#organization"},"potentialAction":[{"@type":"SearchAction","target":{"@type":"EntryPoint","urlTemplate":"https:\/\/qwankido-official.com\/?s={search_term_string}"},"query-input":{"@type":"PropertyValueSpecification","valueRequired":true,"valueName":"search_term_string"}}],"inLanguage":"en-US"},{"@type":"Organization","@id":"https:\/\/qwankido-official.com\/#organization","name":"Qwan Ki Do Official","url":"https:\/\/qwankido-official.com\/","logo":{"@type":"ImageObject","inLanguage":"en-US","@id":"https:\/\/qwankido-official.com\/#\/schema\/logo\/image\/","url":"https:\/\/qwankido-official.com\/wp-content\/uploads\/2024\/10\/cropped-Sans-titre-3-1.png","contentUrl":"https:\/\/qwankido-official.com\/wp-content\/uploads\/2024\/10\/cropped-Sans-titre-3-1.png","width":100,"height":100,"caption":"Qwan Ki Do Official"},"image":{"@id":"https:\/\/qwankido-official.com\/#\/schema\/logo\/image\/"}}]}},"_links":{"self":[{"href":"https:\/\/qwankido-official.com\/en\/wp-json\/wp\/v2\/pages\/7857","targetHints":{"allow":["GET"]}}],"collection":[{"href":"https:\/\/qwankido-official.com\/en\/wp-json\/wp\/v2\/pages"}],"about":[{"href":"https:\/\/qwankido-official.com\/en\/wp-json\/wp\/v2\/types\/page"}],"author":[{"embeddable":true,"href":"https:\/\/qwankido-official.com\/en\/wp-json\/wp\/v2\/users\/1"}],"replies":[{"embeddable":true,"href":"https:\/\/qwankido-official.com\/en\/wp-json\/wp\/v2\/comments?post=7857"}],"version-history":[{"count":34,"href":"https:\/\/qwankido-official.com\/en\/wp-json\/wp\/v2\/pages\/7857\/revisions"}],"predecessor-version":[{"id":9365,"href":"https:\/\/qwankido-official.com\/en\/wp-json\/wp\/v2\/pages\/7857\/revisions\/9365"}],"up":[{"embeddable":true,"href":"https:\/\/qwankido-official.com\/en\/wp-json\/wp\/v2\/pages\/7141"}],"wp:attachment":[{"href":"https:\/\/qwankido-official.com\/en\/wp-json\/wp\/v2\/media?parent=7857"}],"curies":[{"name":"wp","href":"https:\/\/api.w.org\/{rel}","templated":true}]}}