{"id":9813,"date":"2025-10-16T12:05:47","date_gmt":"2025-10-16T12:05:47","guid":{"rendered":"https:\/\/qwankido-official.com\/?page_id=9813"},"modified":"2025-10-16T13:36:13","modified_gmt":"2025-10-16T13:36:13","slug":"world-championship","status":"publish","type":"page","link":"https:\/\/qwankido-official.com\/en\/world-championship\/","title":{"rendered":"WORLD CHAMPIONSHIP"},"content":{"rendered":"<div data-elementor-type=\"wp-page\" data-elementor-id=\"9813\" class=\"elementor elementor-9813\" data-elementor-post-type=\"page\">\n\t\t\t\t<div class=\"elementor-element elementor-element-0e8be88 e-flex e-con-boxed e-con e-parent\" data-id=\"0e8be88\" data-element_type=\"container\" data-e-type=\"container\">\n\t\t\t\t\t<div class=\"e-con-inner\">\n\t\t\t\t<div class=\"elementor-element elementor-element-dd54e28 elementor-widget elementor-widget-image\" data-id=\"dd54e28\" data-element_type=\"widget\" data-e-type=\"widget\" data-widget_type=\"image.default\">\n\t\t\t\t<div class=\"elementor-widget-container\">\n\t\t\t\t\t\t\t\t\t\t\t\t\t\t\t<img fetchpriority=\"high\" decoding=\"async\" width=\"440\" height=\"440\" src=\"https:\/\/qwankido-official.com\/wp-content\/uploads\/2025\/10\/Logo-final-Championnat-du-monde-Bucarest-2026-1.png\" class=\"attachment-large size-large wp-image-9830\" alt=\"\" srcset=\"https:\/\/qwankido-official.com\/wp-content\/uploads\/2025\/10\/Logo-final-Championnat-du-monde-Bucarest-2026-1.png 440w, https:\/\/qwankido-official.com\/wp-content\/uploads\/2025\/10\/Logo-final-Championnat-du-monde-Bucarest-2026-1-300x300.png 300w, https:\/\/qwankido-official.com\/wp-content\/uploads\/2025\/10\/Logo-final-Championnat-du-monde-Bucarest-2026-1-150x150.png 150w, https:\/\/qwankido-official.com\/wp-content\/uploads\/2025\/10\/Logo-final-Championnat-du-monde-Bucarest-2026-1-12x12.png 12w\" sizes=\"(max-width: 440px) 100vw, 440px\" \/>\t\t\t\t\t\t\t\t\t\t\t\t\t\t\t<\/div>\n\t\t\t\t<\/div>\n\t\t\t\t<div class=\"elementor-element elementor-element-53249e3 elementor-widget elementor-widget-spacer\" data-id=\"53249e3\" data-element_type=\"widget\" data-e-type=\"widget\" data-widget_type=\"spacer.default\">\n\t\t\t\t<div class=\"elementor-widget-container\">\n\t\t\t\t\t\t\t<div class=\"elementor-spacer\">\n\t\t\t<div class=\"elementor-spacer-inner\"><\/div>\n\t\t<\/div>\n\t\t\t\t\t\t<\/div>\n\t\t\t\t<\/div>\n\t\t\t\t<div class=\"elementor-element elementor-element-41ce326 elementor-widget elementor-widget-heading\" data-id=\"41ce326\" data-element_type=\"widget\" data-e-type=\"widget\" data-widget_type=\"heading.default\">\n\t\t\t\t<div class=\"elementor-widget-container\">\n\t\t\t\t\t<h2 class=\"elementor-heading-title elementor-size-default translation-block\">8TH WORLD CHAMPIONSHIP <br>\nOF QWAN KI DO<\/h2>\t\t\t\t<\/div>\n\t\t\t\t<\/div>\n\t\t\t\t<div class=\"elementor-element elementor-element-e36caac elementor-widget-divider--view-line elementor-widget elementor-widget-divider\" data-id=\"e36caac\" data-element_type=\"widget\" data-e-type=\"widget\" data-widget_type=\"divider.default\">\n\t\t\t\t<div class=\"elementor-widget-container\">\n\t\t\t\t\t\t\t<div class=\"elementor-divider\">\n\t\t\t<span class=\"elementor-divider-separator\">\n\t\t\t\t\t\t<\/span>\n\t\t<\/div>\n\t\t\t\t\t\t<\/div>\n\t\t\t\t<\/div>\n\t\t\t\t<div class=\"elementor-element elementor-element-583da3e elementor-widget elementor-widget-text-editor\" data-id=\"583da3e\" data-element_type=\"widget\" data-e-type=\"widget\" data-widget_type=\"text-editor.default\">\n\t\t\t\t<div class=\"elementor-widget-container\">\n\t\t\t\t\t\t\t\t\t<p class=\"translation-block\">From May 22 to 24, 2026, in Bucharest, Romania, the whole world will gather on the same tatami.\nHundreds of practitioners, one spirit: QWAN KI DO.\nThis event is not just a competition. It is a universal celebration of our discipline, Courage, and Brotherhood.\nIt is a moment when every gesture, every cry, every victory will tell the story of our Martial Art, QWAN KI DO, created by Th\u00e0y Chuong M\u00f4n PHAM Xu\u00e2n Tong, the Founding Master and of the International QWAN KI DO Federation.<\/p><p>The time is approaching. Get ready to write a new page of our history together.<\/p>\t\t\t\t\t\t\t\t<\/div>\n\t\t\t\t<\/div>\n\t\t\t\t<div class=\"elementor-element elementor-element-a0a4cec elementor-widget elementor-widget-spacer\" data-id=\"a0a4cec\" data-element_type=\"widget\" data-e-type=\"widget\" data-widget_type=\"spacer.default\">\n\t\t\t\t<div class=\"elementor-widget-container\">\n\t\t\t\t\t\t\t<div class=\"elementor-spacer\">\n\t\t\t<div class=\"elementor-spacer-inner\"><\/div>\n\t\t<\/div>\n\t\t\t\t\t\t<\/div>\n\t\t\t\t<\/div>\n\t\t\t\t<div class=\"elementor-element elementor-element-7c17c11 elementor-widget elementor-widget-image\" data-id=\"7c17c11\" data-element_type=\"widget\" data-e-type=\"widget\" data-widget_type=\"image.default\">\n\t\t\t\t<div class=\"elementor-widget-container\">\n\t\t\t\t\t\t\t\t\t\t\t\t\t\t\t<img decoding=\"async\" width=\"768\" height=\"1024\" src=\"https:\/\/qwankido-official.com\/wp-content\/uploads\/2025\/10\/WhatsApp-Image-2025-10-15-at-15.26.35-768x1024.jpeg\" class=\"attachment-large size-large wp-image-9815\" alt=\"\" srcset=\"https:\/\/qwankido-official.com\/wp-content\/uploads\/2025\/10\/WhatsApp-Image-2025-10-15-at-15.26.35-768x1024.jpeg 768w, https:\/\/qwankido-official.com\/wp-content\/uploads\/2025\/10\/WhatsApp-Image-2025-10-15-at-15.26.35-225x300.jpeg 225w, https:\/\/qwankido-official.com\/wp-content\/uploads\/2025\/10\/WhatsApp-Image-2025-10-15-at-15.26.35-1152x1536.jpeg 1152w, https:\/\/qwankido-official.com\/wp-content\/uploads\/2025\/10\/WhatsApp-Image-2025-10-15-at-15.26.35-9x12.jpeg 9w, https:\/\/qwankido-official.com\/wp-content\/uploads\/2025\/10\/WhatsApp-Image-2025-10-15-at-15.26.35.jpeg 1200w\" sizes=\"(max-width: 768px) 100vw, 768px\" \/>\t\t\t\t\t\t\t\t\t\t\t\t\t\t\t<\/div>\n\t\t\t\t<\/div>\n\t\t\t\t\t<\/div>\n\t\t\t\t<\/div>\n\t\t\t\t<\/div>\n\t\t\n    <div class=\"xs_social_share_widget xs_share_url after_content \t\tmain_content  wslu-style-1 wslu-share-box-shaped wslu-fill-colored wslu-none wslu-share-horizontal wslu-theme-font-no wslu-main_content\">\n\n\t\t\n        <ul>\n\t\t\t        <\/ul>\n    <\/div>","protected":false},"excerpt":{"rendered":"<p>8\u00e8me Championnat du Monde de QWAN KI DO Du 22 au 24 mai 2026, \u00e0 Bucarest, en Roumanie, le monde entier se rassemblera sur un m\u00eame tatami.Des centaines de pratiquants, un Seul Esprit : le QWAN KI DO.Cet \u00e9v\u00e9nement n\u2019est pas seulement une comp\u00e9tition. C\u2019est une c\u00e9l\u00e9bration universelle de notre discipline, du Courage et de<span class=\"more-dots\">&#8230;<\/span><\/p>","protected":false},"author":1,"featured_media":0,"parent":0,"menu_order":0,"comment_status":"closed","ping_status":"closed","template":"","meta":{"footnotes":""},"class_list":["post-9813","page","type-page","status-publish","hentry"],"yoast_head":"<!-- This site is optimized with the Yoast SEO plugin v27.4 - https:\/\/yoast.com\/product\/yoast-seo-wordpress\/ -->\n<title>WORLD CHAMPIONSHIP - Qwan Ki Do Official<\/title>\n<meta name=\"robots\" content=\"index, follow, max-snippet:-1, max-image-preview:large, max-video-preview:-1\" \/>\n<link rel=\"canonical\" href=\"https:\/\/qwankido-official.com\/en\/world-championship\/\" \/>\n<meta property=\"og:locale\" content=\"en_US\" \/>\n<meta property=\"og:type\" content=\"article\" \/>\n<meta property=\"og:title\" content=\"WORLD CHAMPIONSHIP - Qwan Ki Do Official\" \/>\n<meta property=\"og:description\" content=\"8\u00e8me Championnat du Monde de QWAN KI DO Du 22 au 24 mai 2026, \u00e0 Bucarest, en Roumanie, le monde entier se rassemblera sur un m\u00eame tatami.Des centaines de pratiquants, un Seul Esprit : le QWAN KI DO.Cet \u00e9v\u00e9nement n\u2019est pas seulement une comp\u00e9tition. C\u2019est une c\u00e9l\u00e9bration universelle de notre discipline, du Courage et de...\" \/>\n<meta property=\"og:url\" content=\"https:\/\/qwankido-official.com\/en\/world-championship\/\" \/>\n<meta property=\"og:site_name\" content=\"Qwan Ki Do Official\" \/>\n<meta property=\"article:modified_time\" content=\"2025-10-16T13:36:13+00:00\" \/>\n<meta property=\"og:image\" content=\"https:\/\/qwankido-official.com\/wp-content\/uploads\/2025\/10\/Logo-final-Championnat-du-monde-Bucarest-2026-1.png\" \/>\n\t<meta property=\"og:image:width\" content=\"440\" \/>\n\t<meta property=\"og:image:height\" content=\"440\" \/>\n\t<meta property=\"og:image:type\" content=\"image\/png\" \/>\n<meta name=\"twitter:card\" content=\"summary_large_image\" \/>\n<meta name=\"twitter:label1\" content=\"Est. reading time\" \/>\n\t<meta name=\"twitter:data1\" content=\"1 minute\" \/>\n<script type=\"application\/ld+json\" class=\"yoast-schema-graph\">{\"@context\":\"https:\\\/\\\/schema.org\",\"@graph\":[{\"@type\":\"WebPage\",\"@id\":\"https:\\\/\\\/qwankido-official.com\\\/world-championship\\\/\",\"url\":\"https:\\\/\\\/qwankido-official.com\\\/world-championship\\\/\",\"name\":\"WORLD CHAMPIONSHIP - Qwan Ki Do Official\",\"isPartOf\":{\"@id\":\"https:\\\/\\\/qwankido-official.com\\\/#website\"},\"primaryImageOfPage\":{\"@id\":\"https:\\\/\\\/qwankido-official.com\\\/world-championship\\\/#primaryimage\"},\"image\":{\"@id\":\"https:\\\/\\\/qwankido-official.com\\\/world-championship\\\/#primaryimage\"},\"thumbnailUrl\":\"https:\\\/\\\/qwankido-official.com\\\/wp-content\\\/uploads\\\/2025\\\/10\\\/Logo-final-Championnat-du-monde-Bucarest-2026-1.png\",\"datePublished\":\"2025-10-16T12:05:47+00:00\",\"dateModified\":\"2025-10-16T13:36:13+00:00\",\"breadcrumb\":{\"@id\":\"https:\\\/\\\/qwankido-official.com\\\/world-championship\\\/#breadcrumb\"},\"inLanguage\":\"en-US\",\"potentialAction\":[{\"@type\":\"ReadAction\",\"target\":[\"https:\\\/\\\/qwankido-official.com\\\/world-championship\\\/\"]}]},{\"@type\":\"ImageObject\",\"inLanguage\":\"en-US\",\"@id\":\"https:\\\/\\\/qwankido-official.com\\\/world-championship\\\/#primaryimage\",\"url\":\"https:\\\/\\\/qwankido-official.com\\\/wp-content\\\/uploads\\\/2025\\\/10\\\/Logo-final-Championnat-du-monde-Bucarest-2026-1.png\",\"contentUrl\":\"https:\\\/\\\/qwankido-official.com\\\/wp-content\\\/uploads\\\/2025\\\/10\\\/Logo-final-Championnat-du-monde-Bucarest-2026-1.png\"},{\"@type\":\"BreadcrumbList\",\"@id\":\"https:\\\/\\\/qwankido-official.com\\\/world-championship\\\/#breadcrumb\",\"itemListElement\":[{\"@type\":\"ListItem\",\"position\":1,\"name\":\"Home\",\"item\":\"https:\\\/\\\/qwankido-official.com\\\/\"},{\"@type\":\"ListItem\",\"position\":2,\"name\":\"WORLD CHAMPIONSHIP\"}]},{\"@type\":\"WebSite\",\"@id\":\"https:\\\/\\\/qwankido-official.com\\\/#website\",\"url\":\"https:\\\/\\\/qwankido-official.com\\\/\",\"name\":\"Qwan Ki Do Official\",\"description\":\"Art Martial traditionnel sino-vietnamien\",\"publisher\":{\"@id\":\"https:\\\/\\\/qwankido-official.com\\\/#organization\"},\"potentialAction\":[{\"@type\":\"SearchAction\",\"target\":{\"@type\":\"EntryPoint\",\"urlTemplate\":\"https:\\\/\\\/qwankido-official.com\\\/?s={search_term_string}\"},\"query-input\":{\"@type\":\"PropertyValueSpecification\",\"valueRequired\":true,\"valueName\":\"search_term_string\"}}],\"inLanguage\":\"en-US\"},{\"@type\":\"Organization\",\"@id\":\"https:\\\/\\\/qwankido-official.com\\\/#organization\",\"name\":\"Qwan Ki Do Official\",\"url\":\"https:\\\/\\\/qwankido-official.com\\\/\",\"logo\":{\"@type\":\"ImageObject\",\"inLanguage\":\"en-US\",\"@id\":\"https:\\\/\\\/qwankido-official.com\\\/#\\\/schema\\\/logo\\\/image\\\/\",\"url\":\"https:\\\/\\\/qwankido-official.com\\\/wp-content\\\/uploads\\\/2024\\\/10\\\/cropped-Sans-titre-3-1.png\",\"contentUrl\":\"https:\\\/\\\/qwankido-official.com\\\/wp-content\\\/uploads\\\/2024\\\/10\\\/cropped-Sans-titre-3-1.png\",\"width\":100,\"height\":100,\"caption\":\"Qwan Ki Do Official\"},\"image\":{\"@id\":\"https:\\\/\\\/qwankido-official.com\\\/#\\\/schema\\\/logo\\\/image\\\/\"}}]}<\/script>\n<!-- \/ Yoast SEO plugin. -->","yoast_head_json":{"title":"WORLD CHAMPIONSHIP - Qwan Ki Do Official","robots":{"index":"index","follow":"follow","max-snippet":"max-snippet:-1","max-image-preview":"max-image-preview:large","max-video-preview":"max-video-preview:-1"},"canonical":"https:\/\/qwankido-official.com\/en\/world-championship\/","og_locale":"en_US","og_type":"article","og_title":"WORLD CHAMPIONSHIP - Qwan Ki Do Official","og_description":"8\u00e8me Championnat du Monde de QWAN KI DO Du 22 au 24 mai 2026, \u00e0 Bucarest, en Roumanie, le monde entier se rassemblera sur un m\u00eame tatami.Des centaines de pratiquants, un Seul Esprit : le QWAN KI DO.Cet \u00e9v\u00e9nement n\u2019est pas seulement une comp\u00e9tition. C\u2019est une c\u00e9l\u00e9bration universelle de notre discipline, du Courage et de...","og_url":"https:\/\/qwankido-official.com\/en\/world-championship\/","og_site_name":"Qwan Ki Do Official","article_modified_time":"2025-10-16T13:36:13+00:00","og_image":[{"width":440,"height":440,"url":"https:\/\/qwankido-official.com\/wp-content\/uploads\/2025\/10\/Logo-final-Championnat-du-monde-Bucarest-2026-1.png","type":"image\/png"}],"twitter_card":"summary_large_image","twitter_misc":{"Est. reading time":"1 minute"},"schema":{"@context":"https:\/\/schema.org","@graph":[{"@type":"WebPage","@id":"https:\/\/qwankido-official.com\/world-championship\/","url":"https:\/\/qwankido-official.com\/world-championship\/","name":"WORLD CHAMPIONSHIP - Qwan Ki Do Official","isPartOf":{"@id":"https:\/\/qwankido-official.com\/#website"},"primaryImageOfPage":{"@id":"https:\/\/qwankido-official.com\/world-championship\/#primaryimage"},"image":{"@id":"https:\/\/qwankido-official.com\/world-championship\/#primaryimage"},"thumbnailUrl":"https:\/\/qwankido-official.com\/wp-content\/uploads\/2025\/10\/Logo-final-Championnat-du-monde-Bucarest-2026-1.png","datePublished":"2025-10-16T12:05:47+00:00","dateModified":"2025-10-16T13:36:13+00:00","breadcrumb":{"@id":"https:\/\/qwankido-official.com\/world-championship\/#breadcrumb"},"inLanguage":"en-US","potentialAction":[{"@type":"ReadAction","target":["https:\/\/qwankido-official.com\/world-championship\/"]}]},{"@type":"ImageObject","inLanguage":"en-US","@id":"https:\/\/qwankido-official.com\/world-championship\/#primaryimage","url":"https:\/\/qwankido-official.com\/wp-content\/uploads\/2025\/10\/Logo-final-Championnat-du-monde-Bucarest-2026-1.png","contentUrl":"https:\/\/qwankido-official.com\/wp-content\/uploads\/2025\/10\/Logo-final-Championnat-du-monde-Bucarest-2026-1.png"},{"@type":"BreadcrumbList","@id":"https:\/\/qwankido-official.com\/world-championship\/#breadcrumb","itemListElement":[{"@type":"ListItem","position":1,"name":"Home","item":"https:\/\/qwankido-official.com\/"},{"@type":"ListItem","position":2,"name":"WORLD CHAMPIONSHIP"}]},{"@type":"WebSite","@id":"https:\/\/qwankido-official.com\/#website","url":"https:\/\/qwankido-official.com\/","name":"Qwan Ki Do Official","description":"Art Martial traditionnel sino-vietnamien","publisher":{"@id":"https:\/\/qwankido-official.com\/#organization"},"potentialAction":[{"@type":"SearchAction","target":{"@type":"EntryPoint","urlTemplate":"https:\/\/qwankido-official.com\/?s={search_term_string}"},"query-input":{"@type":"PropertyValueSpecification","valueRequired":true,"valueName":"search_term_string"}}],"inLanguage":"en-US"},{"@type":"Organization","@id":"https:\/\/qwankido-official.com\/#organization","name":"Qwan Ki Do Official","url":"https:\/\/qwankido-official.com\/","logo":{"@type":"ImageObject","inLanguage":"en-US","@id":"https:\/\/qwankido-official.com\/#\/schema\/logo\/image\/","url":"https:\/\/qwankido-official.com\/wp-content\/uploads\/2024\/10\/cropped-Sans-titre-3-1.png","contentUrl":"https:\/\/qwankido-official.com\/wp-content\/uploads\/2024\/10\/cropped-Sans-titre-3-1.png","width":100,"height":100,"caption":"Qwan Ki Do Official"},"image":{"@id":"https:\/\/qwankido-official.com\/#\/schema\/logo\/image\/"}}]}},"_links":{"self":[{"href":"https:\/\/qwankido-official.com\/en\/wp-json\/wp\/v2\/pages\/9813","targetHints":{"allow":["GET"]}}],"collection":[{"href":"https:\/\/qwankido-official.com\/en\/wp-json\/wp\/v2\/pages"}],"about":[{"href":"https:\/\/qwankido-official.com\/en\/wp-json\/wp\/v2\/types\/page"}],"author":[{"embeddable":true,"href":"https:\/\/qwankido-official.com\/en\/wp-json\/wp\/v2\/users\/1"}],"replies":[{"embeddable":true,"href":"https:\/\/qwankido-official.com\/en\/wp-json\/wp\/v2\/comments?post=9813"}],"version-history":[{"count":22,"href":"https:\/\/qwankido-official.com\/en\/wp-json\/wp\/v2\/pages\/9813\/revisions"}],"predecessor-version":[{"id":9855,"href":"https:\/\/qwankido-official.com\/en\/wp-json\/wp\/v2\/pages\/9813\/revisions\/9855"}],"wp:attachment":[{"href":"https:\/\/qwankido-official.com\/en\/wp-json\/wp\/v2\/media?parent=9813"}],"curies":[{"name":"wp","href":"https:\/\/api.w.org\/{rel}","templated":true}]}}